{"id":413,"date":"2023-10-31T10:38:41","date_gmt":"2023-10-31T09:38:41","guid":{"rendered":"https:\/\/pdm.pb.edu.pl\/2024\/?page_id=413"},"modified":"2023-10-31T11:03:53","modified_gmt":"2023-10-31T10:03:53","slug":"materialy-z-wykladow","status":"publish","type":"page","link":"https:\/\/pdm.pb.edu.pl\/2024\/materialy-z-wykladow\/","title":{"rendered":"Materia\u0142y z wyk\u0142ad\u00f3w"},"content":{"rendered":"","protected":false},"excerpt":{"rendered":"","protected":false},"author":2,"featured_media":0,"parent":0,"menu_order":0,"comment_status":"closed","ping_status":"closed","template":"","meta":{"ngg_post_thumbnail":0,"footnotes":""},"class_list":["post-413","page","type-page","status-publish","hentry"],"aioseo_notices":[],"_links":{"self":[{"href":"https:\/\/pdm.pb.edu.pl\/2024\/wp-json\/wp\/v2\/pages\/413","targetHints":{"allow":["GET"]}}],"collection":[{"href":"https:\/\/pdm.pb.edu.pl\/2024\/wp-json\/wp\/v2\/pages"}],"about":[{"href":"https:\/\/pdm.pb.edu.pl\/2024\/wp-json\/wp\/v2\/types\/page"}],"author":[{"embeddable":true,"href":"https:\/\/pdm.pb.edu.pl\/2024\/wp-json\/wp\/v2\/users\/2"}],"replies":[{"embeddable":true,"href":"https:\/\/pdm.pb.edu.pl\/2024\/wp-json\/wp\/v2\/comments?post=413"}],"version-history":[{"count":4,"href":"https:\/\/pdm.pb.edu.pl\/2024\/wp-json\/wp\/v2\/pages\/413\/revisions"}],"predecessor-version":[{"id":420,"href":"https:\/\/pdm.pb.edu.pl\/2024\/wp-json\/wp\/v2\/pages\/413\/revisions\/420"}],"wp:attachment":[{"href":"https:\/\/pdm.pb.edu.pl\/2024\/wp-json\/wp\/v2\/media?parent=413"}],"curies":[{"name":"wp","href":"https:\/\/api.w.org\/{rel}","templated":true}]}}