{"id":340,"date":"2023-10-13T15:25:42","date_gmt":"2023-10-13T13:25:42","guid":{"rendered":"https:\/\/pdm.pb.edu.pl\/2024\/?page_id=340"},"modified":"2024-10-07T00:31:35","modified_gmt":"2024-10-06T22:31:35","slug":"anna-borowska","status":"publish","type":"page","link":"https:\/\/pdm.pb.edu.pl\/2024\/wykladowcy\/anna-borowska\/","title":{"rendered":"Anna Borowska"},"content":{"rendered":"<p><!-- Wyk\u0142ad: <strong>Proste i efektywne algorytmy grafowe<\/strong>\n\n<strong>25.10.2023, godz. 12:00 - 12:45, szko\u0142a \u015brednia<\/strong>\n\nGraf G = (V \u2013 zbi\u00f3r wierzcho\u0142k\u00f3w, E \u2013 zbi\u00f3r kraw\u0119dzi) to wyj\u0105tkowo praktyczna struktura matematyczna s\u0142u\u017c\u0105ca do przedstawiania i badania relacji mi\u0119dzy obiektami. Z grafami zaprzyja\u017aniamy si\u0119 ju\u017c w przedszkolu, a z ich w\u0142asno\u015bci korzystamy w r\u00f3\u017cnych dziedzinach \u017cycia (np. w transporcie publicznym, w telekomunikacji, w procesach produkcyjnych, w sieciach wodnych i ciep\u0142owniczych, przy modelowaniu zwi\u0105zk\u00f3w chemicznych itd.).\n\nW trakcie wyk\u0142adu poka\u017c\u0119 jak graf jest widziany przez komputer oraz przedstawi\u0119 kilka prostych i efektywnych algorytm\u00f3w grafowych (np. przegl\u0105danie grafu w g\u0142\u0105b, sortowanie topologiczne, generowanie cyklu Eulera, silnie sp\u00f3jne sk\u0142adowe).\nCelem wyk\u0142adu, poza dobra zabaw\u0105, jest u\u015bwiadomienie uczniom, \u017ce informatyka to nie tylko gry, Internet i komputery. Informatyka to dziedzina nauki, w kt\u00f3rej efektywnie rozwi\u0105zujemy r\u00f3\u017cnego rodzaju problemy w celu wspomagania dzia\u0142a\u0144 we wszystkich aspektach \u017cycia. Wyk\u0142ad ma te\u017c zadanie promocyjne. Spr\u00f3buj\u0119 przekona\u0107 m\u0142odzie\u017c, \u017ce aby odnie\u015b\u0107 sukces, warto si\u0119 troch\u0119 pouczy\u0107.\n\n\n<hr>\n\n\n\nKonkurs: <strong>Matematyczny test zespo\u0142owy<\/strong>\n\n<strong>25.10.2023, godz. 13:00 - 13:45, kl. 7-8<\/strong><strong>\n\nMatematyczny test zespo\u0142owy to konkurs z zakresu matematyki. Uczestnicy zostan\u0105 podzieleni na czteroosobowe grupy i ka\u017cda grupa zmierzy si\u0119 z ultratrudnymi i super\u0142atwymi pytaniami. Test ma na celu, poza dobr\u0105 zabaw\u0105, u\u015bwiadomi\u0107 uczniom, jakie dzia\u0142y matematyki musz\u0105 powt\u00f3rzy\u0107 przed egzaminami. Poprawne odpowiedzi na wszystkie pytania ustalimy wsp\u00f3lnie. Zakres pyta\u0144 zostanie dostosowany do poziomu grupy, kt\u00f3ra si\u0119 zarejestruje.\n\n\n\n<p>&nbsp<\/p>\n\n --><\/p>\n","protected":false},"excerpt":{"rendered":"","protected":false},"author":2,"featured_media":0,"parent":135,"menu_order":17,"comment_status":"closed","ping_status":"closed","template":"","meta":{"ngg_post_thumbnail":0,"footnotes":""},"class_list":["post-340","page","type-page","status-publish","hentry"],"aioseo_notices":[],"_links":{"self":[{"href":"https:\/\/pdm.pb.edu.pl\/2024\/wp-json\/wp\/v2\/pages\/340","targetHints":{"allow":["GET"]}}],"collection":[{"href":"https:\/\/pdm.pb.edu.pl\/2024\/wp-json\/wp\/v2\/pages"}],"about":[{"href":"https:\/\/pdm.pb.edu.pl\/2024\/wp-json\/wp\/v2\/types\/page"}],"author":[{"embeddable":true,"href":"https:\/\/pdm.pb.edu.pl\/2024\/wp-json\/wp\/v2\/users\/2"}],"replies":[{"embeddable":true,"href":"https:\/\/pdm.pb.edu.pl\/2024\/wp-json\/wp\/v2\/comments?post=340"}],"version-history":[{"count":5,"href":"https:\/\/pdm.pb.edu.pl\/2024\/wp-json\/wp\/v2\/pages\/340\/revisions"}],"predecessor-version":[{"id":592,"href":"https:\/\/pdm.pb.edu.pl\/2024\/wp-json\/wp\/v2\/pages\/340\/revisions\/592"}],"up":[{"embeddable":true,"href":"https:\/\/pdm.pb.edu.pl\/2024\/wp-json\/wp\/v2\/pages\/135"}],"wp:attachment":[{"href":"https:\/\/pdm.pb.edu.pl\/2024\/wp-json\/wp\/v2\/media?parent=340"}],"curies":[{"name":"wp","href":"https:\/\/api.w.org\/{rel}","templated":true}]}}