{"id":334,"date":"2023-10-13T15:22:21","date_gmt":"2023-10-13T13:22:21","guid":{"rendered":"https:\/\/pdm.pb.edu.pl\/2024\/?page_id=334"},"modified":"2024-10-07T00:38:37","modified_gmt":"2024-10-06T22:38:37","slug":"malgorzata-wyrwas","status":"publish","type":"page","link":"https:\/\/pdm.pb.edu.pl\/2024\/wykladowcy\/malgorzata-wyrwas\/","title":{"rendered":"Ma\u0142gorzata Wyrwas"},"content":{"rendered":"<p><!-- Wyk\u0142ad: <strong>Matematyczna cytrynka czyli o wizualizacji r\u00f3wna\u0144 algebraicznych w programie Surfer<\/strong>\n\n<strong>26.10.2023, godz. 9:00 - 9:45, szko\u0142a \u015brednia<\/strong>\n\n\n\n<p>&nbsp;<\/p>\n\n --><\/p>\n","protected":false},"excerpt":{"rendered":"","protected":false},"author":2,"featured_media":0,"parent":135,"menu_order":16,"comment_status":"closed","ping_status":"closed","template":"","meta":{"ngg_post_thumbnail":0,"footnotes":""},"class_list":["post-334","page","type-page","status-publish","hentry"],"aioseo_notices":[],"_links":{"self":[{"href":"https:\/\/pdm.pb.edu.pl\/2024\/wp-json\/wp\/v2\/pages\/334","targetHints":{"allow":["GET"]}}],"collection":[{"href":"https:\/\/pdm.pb.edu.pl\/2024\/wp-json\/wp\/v2\/pages"}],"about":[{"href":"https:\/\/pdm.pb.edu.pl\/2024\/wp-json\/wp\/v2\/types\/page"}],"author":[{"embeddable":true,"href":"https:\/\/pdm.pb.edu.pl\/2024\/wp-json\/wp\/v2\/users\/2"}],"replies":[{"embeddable":true,"href":"https:\/\/pdm.pb.edu.pl\/2024\/wp-json\/wp\/v2\/comments?post=334"}],"version-history":[{"count":6,"href":"https:\/\/pdm.pb.edu.pl\/2024\/wp-json\/wp\/v2\/pages\/334\/revisions"}],"predecessor-version":[{"id":601,"href":"https:\/\/pdm.pb.edu.pl\/2024\/wp-json\/wp\/v2\/pages\/334\/revisions\/601"}],"up":[{"embeddable":true,"href":"https:\/\/pdm.pb.edu.pl\/2024\/wp-json\/wp\/v2\/pages\/135"}],"wp:attachment":[{"href":"https:\/\/pdm.pb.edu.pl\/2024\/wp-json\/wp\/v2\/media?parent=334"}],"curies":[{"name":"wp","href":"https:\/\/api.w.org\/{rel}","templated":true}]}}