{"id":321,"date":"2023-10-13T15:12:04","date_gmt":"2023-10-13T13:12:04","guid":{"rendered":"https:\/\/pdm.pb.edu.pl\/2024\/?page_id=321"},"modified":"2024-10-07T00:37:46","modified_gmt":"2024-10-06T22:37:46","slug":"magdalena-kacprzak","status":"publish","type":"page","link":"https:\/\/pdm.pb.edu.pl\/2024\/wykladowcy\/magdalena-kacprzak\/","title":{"rendered":"Magdalena Kacprzak"},"content":{"rendered":"<p><!-- Warsztaty: <strong>My\u015blenie kreatywne \u2013 \u0107wiczenia w rozwi\u0105zywaniu niebanalnych zagadek<\/strong>\n\n<strong>27.10.2023, godz. 12-12:45, kl. 7-8, szko\u0142a podstawowa<\/strong>\n\nJak rozwi\u0105za\u0107 problem? Jak znale\u017a\u0107 rozwi\u0105zanie zagadki, szczeg\u00f3lnie, gdy jest nietypowa? W szkole cz\u0119sto mamy problem nawet z zastosowaniem znanego schematu rozwi\u0105zania. A co je\u015bli problem jest niebanalny? Mo\u017ce wtedy jest pro\u015bciej? Mo\u017ce wtedy jest miejsce na uruchomienie wyobra\u017ani? Na spotkaniu wsp\u00f3lnie spr\u00f3bujemy znale\u017a\u0107 rozwi\u0105zanie wybranych zagadek, a przy okazji poznamy kilka typ\u00f3w rozumowa\u0144.\n\n\n<hr>\n\n\n\nWarsztaty: <strong>Sposoby rozwi\u0105zywania problem\u00f3w. My\u015blenie lateralne, dedukcyjne, indukcyjne  i abdukcyjne<\/strong>\n\n<strong>25.10.2023, godz. 10:15-11:00, szko\u0142a \u015brednia<\/strong>\n\nNajcz\u0119\u015bciej uczymy si\u0119 rozwi\u0105zywania problem\u00f3w za pomoc\u0105 my\u015blenia, kt\u00f3re nazywa si\u0119 wertykalnym (jednotorowym), czyli rozwi\u0105zywania problem\u00f3w wed\u0142ug znanych schemat\u00f3w i algorytm\u00f3w. Takie my\u015blenie nie zawsze jest skuteczne, szczeg\u00f3lnie gdy mamy do czynienia z problemami, kt\u00f3re wymykaj\u0105 si\u0119 utartym schematom. Jak my\u015ble\u0107 kreatywnie? Na spotkaniu om\u00f3wimy r\u00f3\u017cne techniki analizowania problem\u00f3w. Poznamy 4 typy rozumowa\u0144: dedukcyjne, lateralne, indukcyjne i abdukcyjne. Zilustrujemy je ciekawymi przyk\u0142adami.\n\n\n\n<p>&nbsp;<\/p>\n\n --><\/p>\n","protected":false},"excerpt":{"rendered":"","protected":false},"author":2,"featured_media":0,"parent":135,"menu_order":14,"comment_status":"closed","ping_status":"closed","template":"","meta":{"ngg_post_thumbnail":0,"footnotes":""},"class_list":["post-321","page","type-page","status-publish","hentry"],"aioseo_notices":[],"_links":{"self":[{"href":"https:\/\/pdm.pb.edu.pl\/2024\/wp-json\/wp\/v2\/pages\/321","targetHints":{"allow":["GET"]}}],"collection":[{"href":"https:\/\/pdm.pb.edu.pl\/2024\/wp-json\/wp\/v2\/pages"}],"about":[{"href":"https:\/\/pdm.pb.edu.pl\/2024\/wp-json\/wp\/v2\/types\/page"}],"author":[{"embeddable":true,"href":"https:\/\/pdm.pb.edu.pl\/2024\/wp-json\/wp\/v2\/users\/2"}],"replies":[{"embeddable":true,"href":"https:\/\/pdm.pb.edu.pl\/2024\/wp-json\/wp\/v2\/comments?post=321"}],"version-history":[{"count":11,"href":"https:\/\/pdm.pb.edu.pl\/2024\/wp-json\/wp\/v2\/pages\/321\/revisions"}],"predecessor-version":[{"id":600,"href":"https:\/\/pdm.pb.edu.pl\/2024\/wp-json\/wp\/v2\/pages\/321\/revisions\/600"}],"up":[{"embeddable":true,"href":"https:\/\/pdm.pb.edu.pl\/2024\/wp-json\/wp\/v2\/pages\/135"}],"wp:attachment":[{"href":"https:\/\/pdm.pb.edu.pl\/2024\/wp-json\/wp\/v2\/media?parent=321"}],"curies":[{"name":"wp","href":"https:\/\/api.w.org\/{rel}","templated":true}]}}