{"id":317,"date":"2023-10-13T15:10:07","date_gmt":"2023-10-13T13:10:07","guid":{"rendered":"https:\/\/pdm.pb.edu.pl\/2024\/?page_id=317"},"modified":"2024-10-07T00:41:58","modified_gmt":"2024-10-06T22:41:58","slug":"pawel-zabielski","status":"publish","type":"page","link":"https:\/\/pdm.pb.edu.pl\/2024\/wykladowcy\/pawel-zabielski\/","title":{"rendered":"Pawe\u0142 Zabielski"},"content":{"rendered":"<p><!-- Warsztaty: <strong>Wprowadzenie do technologii WPF<\/strong>\n\n<strong>25.10.2023, 16:00-16:45<\/strong>\n\nWPF, czyli Windows Presentation Foundation, to zaawansowana technologia opracowana przez Microsoft do tworzenia aplikacji okienkowych na platformie Windows. Warsztat \"Wprowadzenie do technologii WPF\" ma na celu wprowadzenie uczestnik\u00f3w w podstawy tej technologii i umo\u017cliwienie im tworzenie nowoczesnych, interaktywnych interfejs\u00f3w u\u017cytkownika.\n\n<strong>G\u0142\u00f3wne elementy warsztatu mog\u0105 obejmowa\u0107:<\/strong>\n\nPodstawy WPF: Om\u00f3wienie, czym jest WPF, jego historia i zalety w por\u00f3wnaniu do starszych technologii GUI w systemie Windows.\n\nArchitektura WPF: Wyja\u015bnienie struktury WPF.\n\nXAML (Extensible Application Markup Language): Zapoznanie uczestnik\u00f3w z j\u0119zykiem XAML, kt\u00f3ry jest u\u017cywany do tworzenia interfejs\u00f3w WPF. Uczestnicy dowiedz\u0105 si\u0119, jak tworzy\u0107 elementy interfejsu, takie jak przyciski, etykiety, kontrolki itp. za pomoc\u0105 XAML.\n\nKontrolki i komponenty WPF: Przedstawienie podstawowych kontrolek i komponent\u00f3w dost\u0119pnych w bibliotece WPF, takich jak Button, TextBox itp.\n\nObs\u0142uga zdarze\u0144: Wyja\u015bnienie, jak reagowa\u0107 na zdarzenia generowane przez interfejs, na przyk\u0142ad po klikni\u0119ciu przycisku.\n\nKomunikacja z kodem \u017ar\u00f3d\u0142owym (Code-Behind): Przedstawienie sposob\u00f3w \u0142\u0105czenia interfejsu XAML z kodem \u017ar\u00f3d\u0142owym napisanym w j\u0119zykach takich jak C#.\n\nTworzenie prostych aplikacji WPF: Praktyczne \u0107wiczenia, kt\u00f3re pozwol\u0105 uczestnikom stworzy\u0107 proste aplikacje WPF, aby zrozumie\u0107, jak wszystko dzia\u0142a w praktyce.\n\nNarz\u0119dzia i \u015brodowisko pracy: Przedstawienie narz\u0119dzi i \u015brodowiska pracy, kt\u00f3re u\u0142atwiaj\u0105 rozwijanie aplikacji WPF, takie jak Visual Studio.\n\nWarsztat \"Wprowadzenie do technologii WPF\" ma na celu dostarczy\u0107 uczestnikom podstaw do tworzenia aplikacji Windows, kt\u00f3re oferuj\u0105 zaawansowane i atrakcyjne interfejsy u\u017cytkownika. Po uko\u0144czeniu kursu, uczestnicy powinni by\u0107 w stanie rozpocz\u0105\u0107 samodzielne projektowanie i rozwijanie aplikacji WPF. --><\/p>\n","protected":false},"excerpt":{"rendered":"","protected":false},"author":2,"featured_media":0,"parent":135,"menu_order":13,"comment_status":"closed","ping_status":"closed","template":"","meta":{"ngg_post_thumbnail":0,"footnotes":""},"class_list":["post-317","page","type-page","status-publish","hentry"],"aioseo_notices":[],"_links":{"self":[{"href":"https:\/\/pdm.pb.edu.pl\/2024\/wp-json\/wp\/v2\/pages\/317","targetHints":{"allow":["GET"]}}],"collection":[{"href":"https:\/\/pdm.pb.edu.pl\/2024\/wp-json\/wp\/v2\/pages"}],"about":[{"href":"https:\/\/pdm.pb.edu.pl\/2024\/wp-json\/wp\/v2\/types\/page"}],"author":[{"embeddable":true,"href":"https:\/\/pdm.pb.edu.pl\/2024\/wp-json\/wp\/v2\/users\/2"}],"replies":[{"embeddable":true,"href":"https:\/\/pdm.pb.edu.pl\/2024\/wp-json\/wp\/v2\/comments?post=317"}],"version-history":[{"count":6,"href":"https:\/\/pdm.pb.edu.pl\/2024\/wp-json\/wp\/v2\/pages\/317\/revisions"}],"predecessor-version":[{"id":606,"href":"https:\/\/pdm.pb.edu.pl\/2024\/wp-json\/wp\/v2\/pages\/317\/revisions\/606"}],"up":[{"embeddable":true,"href":"https:\/\/pdm.pb.edu.pl\/2024\/wp-json\/wp\/v2\/pages\/135"}],"wp:attachment":[{"href":"https:\/\/pdm.pb.edu.pl\/2024\/wp-json\/wp\/v2\/media?parent=317"}],"curies":[{"name":"wp","href":"https:\/\/api.w.org\/{rel}","templated":true}]}}