{"id":305,"date":"2023-10-12T23:23:01","date_gmt":"2023-10-12T21:23:01","guid":{"rendered":"https:\/\/pdm.pb.edu.pl\/2024\/?page_id=305"},"modified":"2024-10-04T10:04:42","modified_gmt":"2024-10-04T08:04:42","slug":"usmiechniete-rozmaitosci-matematyczne","status":"publish","type":"page","link":"https:\/\/pdm.pb.edu.pl\/2024\/usmiechniete-rozmaitosci-matematyczne\/","title":{"rendered":"U\u015bmiechni\u0119te Rozmaito\u015bci Matematyczne"},"content":{"rendered":"<p><a href=\"https:\/\/pdm.pb.edu.pl\/2024\/wp-content\/uploads\/sites\/3\/2024\/10\/Usmiechniete-rozmaitosci-matematyczne-2024.pdf\" target=\"_blank\" rel=\"noopener\">U\u015bmiechni\u0119te Rozmaito\u015bci Matematyczne (PDF, 13 MB, otworzy si\u0119 w nowej karcie)<\/a><\/p>\n<p>&nbsp;<\/p>\n","protected":false},"excerpt":{"rendered":"<p>U\u015bmiechni\u0119te Rozmaito\u015bci Matematyczne (PDF, 13 MB, otworzy si\u0119 w nowej karcie) &nbsp;<\/p>\n","protected":false},"author":2,"featured_media":0,"parent":0,"menu_order":3,"comment_status":"closed","ping_status":"closed","template":"","meta":{"ngg_post_thumbnail":0,"footnotes":""},"class_list":["post-305","page","type-page","status-publish","hentry"],"aioseo_notices":[],"_links":{"self":[{"href":"https:\/\/pdm.pb.edu.pl\/2024\/wp-json\/wp\/v2\/pages\/305","targetHints":{"allow":["GET"]}}],"collection":[{"href":"https:\/\/pdm.pb.edu.pl\/2024\/wp-json\/wp\/v2\/pages"}],"about":[{"href":"https:\/\/pdm.pb.edu.pl\/2024\/wp-json\/wp\/v2\/types\/page"}],"author":[{"embeddable":true,"href":"https:\/\/pdm.pb.edu.pl\/2024\/wp-json\/wp\/v2\/users\/2"}],"replies":[{"embeddable":true,"href":"https:\/\/pdm.pb.edu.pl\/2024\/wp-json\/wp\/v2\/comments?post=305"}],"version-history":[{"count":5,"href":"https:\/\/pdm.pb.edu.pl\/2024\/wp-json\/wp\/v2\/pages\/305\/revisions"}],"predecessor-version":[{"id":461,"href":"https:\/\/pdm.pb.edu.pl\/2024\/wp-json\/wp\/v2\/pages\/305\/revisions\/461"}],"wp:attachment":[{"href":"https:\/\/pdm.pb.edu.pl\/2024\/wp-json\/wp\/v2\/media?parent=305"}],"curies":[{"name":"wp","href":"https:\/\/api.w.org\/{rel}","templated":true}]}}