{"id":300,"date":"2023-10-12T23:13:10","date_gmt":"2023-10-12T21:13:10","guid":{"rendered":"https:\/\/pdm.pb.edu.pl\/2024\/?page_id=300"},"modified":"2024-10-03T22:54:35","modified_gmt":"2024-10-03T20:54:35","slug":"pociag-do-matematyki","status":"publish","type":"page","link":"https:\/\/pdm.pb.edu.pl\/2024\/pociag-do-matematyki\/","title":{"rendered":"Poci\u0105g do matematyki"},"content":{"rendered":"<p><a href=\"https:\/\/pdm.pb.edu.pl\/2024\/wp-content\/uploads\/sites\/3\/2023\/10\/pociag-do-matematyki-ulotki.pdf\" target=\"_blank\" rel=\"noopener\">Poci\u0105g do matematyki &#8211; porozmy\u015blaj sobie&#8230; (PDF, 5 MB, otworzy si\u0119 w nowej karcie)<\/a><\/p>\n<p>&nbsp;<\/p>\n","protected":false},"excerpt":{"rendered":"<p>Poci\u0105g do matematyki &#8211; porozmy\u015blaj sobie&#8230; (PDF, 5 MB, otworzy si\u0119 w nowej karcie) &nbsp;<\/p>\n","protected":false},"author":2,"featured_media":0,"parent":0,"menu_order":2,"comment_status":"closed","ping_status":"closed","template":"","meta":{"ngg_post_thumbnail":0,"footnotes":""},"class_list":["post-300","page","type-page","status-publish","hentry"],"aioseo_notices":[],"_links":{"self":[{"href":"https:\/\/pdm.pb.edu.pl\/2024\/wp-json\/wp\/v2\/pages\/300","targetHints":{"allow":["GET"]}}],"collection":[{"href":"https:\/\/pdm.pb.edu.pl\/2024\/wp-json\/wp\/v2\/pages"}],"about":[{"href":"https:\/\/pdm.pb.edu.pl\/2024\/wp-json\/wp\/v2\/types\/page"}],"author":[{"embeddable":true,"href":"https:\/\/pdm.pb.edu.pl\/2024\/wp-json\/wp\/v2\/users\/2"}],"replies":[{"embeddable":true,"href":"https:\/\/pdm.pb.edu.pl\/2024\/wp-json\/wp\/v2\/comments?post=300"}],"version-history":[{"count":7,"href":"https:\/\/pdm.pb.edu.pl\/2024\/wp-json\/wp\/v2\/pages\/300\/revisions"}],"predecessor-version":[{"id":453,"href":"https:\/\/pdm.pb.edu.pl\/2024\/wp-json\/wp\/v2\/pages\/300\/revisions\/453"}],"wp:attachment":[{"href":"https:\/\/pdm.pb.edu.pl\/2024\/wp-json\/wp\/v2\/media?parent=300"}],"curies":[{"name":"wp","href":"https:\/\/api.w.org\/{rel}","templated":true}]}}