{"id":297,"date":"2023-10-12T23:10:18","date_gmt":"2023-10-12T21:10:18","guid":{"rendered":"https:\/\/pdm.pb.edu.pl\/2024\/?page_id=297"},"modified":"2023-10-20T10:30:05","modified_gmt":"2023-10-20T08:30:05","slug":"autobusowe-lamanie-glowki","status":"publish","type":"page","link":"https:\/\/pdm.pb.edu.pl\/2024\/autobusowe-lamanie-glowki\/","title":{"rendered":"Autobusowe \u0142amanie g\u0142\u00f3wki"},"content":{"rendered":"<p><a href=\"https:\/\/pdm.pb.edu.pl\/2024\/wp-content\/uploads\/sites\/3\/2023\/10\/Plakat-zad-1-2023.pdf\" target=\"_blank\" rel=\"noopener\">\u0141amig\u0142\u00f3wka 1 (PDF, 249 KB, otworzy si\u0119 w nowej karcie)<\/a><\/p>\n<p><a href=\"https:\/\/pdm.pb.edu.pl\/2024\/wp-content\/uploads\/sites\/3\/2023\/10\/Plakat-zad-2-2023.pdf\" target=\"_blank\" rel=\"noopener\">\u0141amig\u0142\u00f3wka 2 (PDF, 246 KB, otworzy si\u0119 w nowej karcie)<\/a><\/p>\n<p><a href=\"https:\/\/pdm.pb.edu.pl\/2024\/wp-content\/uploads\/sites\/3\/2023\/10\/Plakat-zad-3-2023.pdf\" target=\"_blank\" rel=\"noopener\">\u0141amig\u0142\u00f3wka 3 (PDF, 248 KB, otworzy si\u0119 w nowej karcie)<\/a><\/p>\n<p><a href=\"https:\/\/pdm.pb.edu.pl\/2024\/wp-content\/uploads\/sites\/3\/2023\/10\/Plakat-zad-4-2023.pdf\" target=\"_blank\" rel=\"noopener\">\u0141amig\u0142\u00f3wka 4 (PDF, 248 KB, otworzy si\u0119 w nowej karcie)<\/a><\/p>\n<p><a href=\"https:\/\/pdm.pb.edu.pl\/2024\/wp-content\/uploads\/sites\/3\/2023\/10\/Plakat-zad-5-2023.pdf\" target=\"_blank\" rel=\"noopener\">\u0141amig\u0142\u00f3wka 5 (PDF, 247 KB, otworzy si\u0119 w nowej karcie)<\/a><\/p>\n<p>&nbsp;<\/p>\n","protected":false},"excerpt":{"rendered":"<p>\u0141amig\u0142\u00f3wka 1 (PDF, 249 KB, otworzy si\u0119 w nowej karcie) \u0141amig\u0142\u00f3wka 2 (PDF, 246 KB, otworzy si\u0119 w nowej karcie) \u0141amig\u0142\u00f3wka 3 (PDF, 248 KB, otworzy si\u0119 w nowej karcie) \u0141amig\u0142\u00f3wka 4 (PDF, 248 KB, otworzy si\u0119 w nowej karcie) \u0141amig\u0142\u00f3wka 5 (PDF, 247 KB, otworzy si\u0119 w nowej karcie) &nbsp;<\/p>\n","protected":false},"author":2,"featured_media":0,"parent":0,"menu_order":1,"comment_status":"closed","ping_status":"closed","template":"","meta":{"ngg_post_thumbnail":0,"footnotes":""},"class_list":["post-297","page","type-page","status-publish","hentry"],"aioseo_notices":[],"_links":{"self":[{"href":"https:\/\/pdm.pb.edu.pl\/2024\/wp-json\/wp\/v2\/pages\/297","targetHints":{"allow":["GET"]}}],"collection":[{"href":"https:\/\/pdm.pb.edu.pl\/2024\/wp-json\/wp\/v2\/pages"}],"about":[{"href":"https:\/\/pdm.pb.edu.pl\/2024\/wp-json\/wp\/v2\/types\/page"}],"author":[{"embeddable":true,"href":"https:\/\/pdm.pb.edu.pl\/2024\/wp-json\/wp\/v2\/users\/2"}],"replies":[{"embeddable":true,"href":"https:\/\/pdm.pb.edu.pl\/2024\/wp-json\/wp\/v2\/comments?post=297"}],"version-history":[{"count":6,"href":"https:\/\/pdm.pb.edu.pl\/2024\/wp-json\/wp\/v2\/pages\/297\/revisions"}],"predecessor-version":[{"id":399,"href":"https:\/\/pdm.pb.edu.pl\/2024\/wp-json\/wp\/v2\/pages\/297\/revisions\/399"}],"wp:attachment":[{"href":"https:\/\/pdm.pb.edu.pl\/2024\/wp-json\/wp\/v2\/media?parent=297"}],"curies":[{"name":"wp","href":"https:\/\/api.w.org\/{rel}","templated":true}]}}