{"id":280,"date":"2023-10-12T10:50:41","date_gmt":"2023-10-12T08:50:41","guid":{"rendered":"https:\/\/pdm.pb.edu.pl\/2024\/?page_id=280"},"modified":"2024-10-06T20:38:01","modified_gmt":"2024-10-06T18:38:01","slug":"katarzyna-topolewicz","status":"publish","type":"page","link":"https:\/\/pdm.pb.edu.pl\/2024\/wykladowcy\/katarzyna-topolewicz\/","title":{"rendered":"Katarzyna Topolewicz"},"content":{"rendered":"<p><!-- Wyk\u0142ad: <strong>Zagadki z guzikami i zapa\u0142kami<\/strong>\n\n<strong>26.10.2023, godz. 10:15-11:00, klasy 3-6<\/strong>\n\nNa rozgrzewk\u0119 zaproponuj\u0119 kilka klasycznych matematycznych zagadek z zapa\u0142kami. P\u00f3\u017aniej przejdziemy do zagadek z guzikami, aby na koniec spr\u00f3bowa\u0107 odnale\u017a\u0107 strategi\u0119 wygrywaj\u0105c\u0105 pewnej gry, z kt\u00f3r\u0105 zapoznam uczestnik\u00f3w na spotkaniu. Je\u015bli nam si\u0119 uda, b\u0119dziecie mogli gra\u0107 w t\u0119 gr\u0119 z kolegami, rodze\u0144stwem czy rodzicami i ... zawsze wygracie! \n\n\n<hr>\n\n\n\nWyk\u0142ad: <strong>Jak zosta\u0107 SuperFarmerem?<\/strong>\n\n<strong>25.10.2023, godz. 12:00-12:45, kl. 7-8<\/strong>\n\nKr\u00f3tko opowiem o historii powstania i zasadach jednej z najbardziej znanych polskich gier \u2013 Super Farmer. Jednak przede wszystkim ta gra stanie si\u0119 narz\u0119dziem, kt\u00f3re pos\u0142u\u017cy do wprowadzenia podstawowych poj\u0119\u0107 z prawdopodobie\u0144stwa. Na koniec wy\u0142onimy Super Farmera spo\u015br\u00f3d uczestnik\u00f3w spotkania.\n\n\n<hr>\n\n\n\nWyk\u0142ad: <strong>Wy\u015bcigi zwierz\u0105t i spacer po ZOO<\/strong>\n\n<strong>25.10.2023, godz.9:00-9:45, kl. 3-6<\/strong>\n\nDwie proste gry stan\u0105 si\u0119 okazj\u0105 do zapoznania z poj\u0119ciem szansy i prawdopodobie\u0144stwa. Kt\u00f3re zwierz\u0119 ma najwi\u0119ksz\u0105 szans\u0119 na wygranie wy\u015bcigu? A kt\u00f3re zostanie najcz\u0119\u015bciej odwiedzone w ZOO? - na te pytania odpowiemy podczas wsp\u00f3lnej zabawy. \n\n\n\n<p>&nbsp;<\/p>\n\n\n--><\/p>\n","protected":false},"excerpt":{"rendered":"","protected":false},"author":2,"featured_media":0,"parent":135,"menu_order":12,"comment_status":"closed","ping_status":"closed","template":"","meta":{"ngg_post_thumbnail":0,"footnotes":""},"class_list":["post-280","page","type-page","status-publish","hentry"],"aioseo_notices":[],"_links":{"self":[{"href":"https:\/\/pdm.pb.edu.pl\/2024\/wp-json\/wp\/v2\/pages\/280","targetHints":{"allow":["GET"]}}],"collection":[{"href":"https:\/\/pdm.pb.edu.pl\/2024\/wp-json\/wp\/v2\/pages"}],"about":[{"href":"https:\/\/pdm.pb.edu.pl\/2024\/wp-json\/wp\/v2\/types\/page"}],"author":[{"embeddable":true,"href":"https:\/\/pdm.pb.edu.pl\/2024\/wp-json\/wp\/v2\/users\/2"}],"replies":[{"embeddable":true,"href":"https:\/\/pdm.pb.edu.pl\/2024\/wp-json\/wp\/v2\/comments?post=280"}],"version-history":[{"count":9,"href":"https:\/\/pdm.pb.edu.pl\/2024\/wp-json\/wp\/v2\/pages\/280\/revisions"}],"predecessor-version":[{"id":528,"href":"https:\/\/pdm.pb.edu.pl\/2024\/wp-json\/wp\/v2\/pages\/280\/revisions\/528"}],"up":[{"embeddable":true,"href":"https:\/\/pdm.pb.edu.pl\/2024\/wp-json\/wp\/v2\/pages\/135"}],"wp:attachment":[{"href":"https:\/\/pdm.pb.edu.pl\/2024\/wp-json\/wp\/v2\/media?parent=280"}],"curies":[{"name":"wp","href":"https:\/\/api.w.org\/{rel}","templated":true}]}}