{"id":265,"date":"2023-10-12T10:40:36","date_gmt":"2023-10-12T08:40:36","guid":{"rendered":"https:\/\/pdm.pb.edu.pl\/2024\/?page_id=265"},"modified":"2024-10-06T20:36:56","modified_gmt":"2024-10-06T18:36:56","slug":"antoni-pierzchalski","status":"publish","type":"page","link":"https:\/\/pdm.pb.edu.pl\/2024\/wykladowcy\/antoni-pierzchalski\/","title":{"rendered":"Antoni Pierzchalski"},"content":{"rendered":"<p><!-- Wyk\u0142ad: <strong>Archimedes: tw\u00f3rca wsp\u00f3\u0142czesnej analizy matematycznej<\/strong>\n\n<strong>25.10.2023, godz. 12:00-12:45, online, szko\u0142a \u015brednia<\/strong>\n\nArchimedes z Syrakuz (ok. 287-221 pne.), to grecki matematyk, fizyk, in\u017cynier, astronom i wynalazca. Jeden z najgenialniejszych umys\u0142\u00f3w staro\u017cytno\u015bci.\nJego dwa wielkie twierdzenia zwane dzi\u015b zasadami Archimedesa zostan\u0105 przybli\u017cone na wyk\u0142adzie.\nPierwsze, matematyczne, o \"regularnym po\u0142o\u017ceniu\" liczb naturalnych w zbiorze liczb rzeczywistych jest \"dotkni\u0119ciem niesko\u0144czono\u015bci\" i umo\u017cliwia poprawne wprowadzenie poj\u0119cie granicy ci\u0105gu. Drugie, fizyczne, o sile wyporu cieczy, jest r\u00f3wnowa\u017cne fundamentalnemu faktowi analizy II: twierdzeniu o dywergencji.\n\n\n\n<p>&nbsp;<\/p>\n\n --><\/p>\n","protected":false},"excerpt":{"rendered":"","protected":false},"author":2,"featured_media":0,"parent":135,"menu_order":10,"comment_status":"closed","ping_status":"closed","template":"","meta":{"ngg_post_thumbnail":0,"footnotes":""},"class_list":["post-265","page","type-page","status-publish","hentry"],"aioseo_notices":[],"_links":{"self":[{"href":"https:\/\/pdm.pb.edu.pl\/2024\/wp-json\/wp\/v2\/pages\/265","targetHints":{"allow":["GET"]}}],"collection":[{"href":"https:\/\/pdm.pb.edu.pl\/2024\/wp-json\/wp\/v2\/pages"}],"about":[{"href":"https:\/\/pdm.pb.edu.pl\/2024\/wp-json\/wp\/v2\/types\/page"}],"author":[{"embeddable":true,"href":"https:\/\/pdm.pb.edu.pl\/2024\/wp-json\/wp\/v2\/users\/2"}],"replies":[{"embeddable":true,"href":"https:\/\/pdm.pb.edu.pl\/2024\/wp-json\/wp\/v2\/comments?post=265"}],"version-history":[{"count":6,"href":"https:\/\/pdm.pb.edu.pl\/2024\/wp-json\/wp\/v2\/pages\/265\/revisions"}],"predecessor-version":[{"id":526,"href":"https:\/\/pdm.pb.edu.pl\/2024\/wp-json\/wp\/v2\/pages\/265\/revisions\/526"}],"up":[{"embeddable":true,"href":"https:\/\/pdm.pb.edu.pl\/2024\/wp-json\/wp\/v2\/pages\/135"}],"wp:attachment":[{"href":"https:\/\/pdm.pb.edu.pl\/2024\/wp-json\/wp\/v2\/media?parent=265"}],"curies":[{"name":"wp","href":"https:\/\/api.w.org\/{rel}","templated":true}]}}