{"id":255,"date":"2023-10-12T10:30:23","date_gmt":"2023-10-12T08:30:23","guid":{"rendered":"https:\/\/pdm.pb.edu.pl\/2024\/?page_id=255"},"modified":"2024-10-06T20:36:00","modified_gmt":"2024-10-06T18:36:00","slug":"elzbieta-guziejko","status":"publish","type":"page","link":"https:\/\/pdm.pb.edu.pl\/2024\/wykladowcy\/elzbieta-guziejko\/","title":{"rendered":"El\u017cbieta Guziejko"},"content":{"rendered":"<p><!-- Wyk\u0142ad: <strong>Matura rozszerzona- r\u00f3wnania kwadratowe z parametrem<\/strong>\n\n<strong>27.10.2023, godz. 10:00-10:45, online, szko\u0142a \u015brednia<\/strong> \n\nJednym z typ\u00f3w zada\u0144, kt\u00f3re pojawiaj\u0105 si\u0119 na maturze z poziomu rozszerzonego s\u0105 te, w kt\u00f3rych wyst\u0119puje parametr, w tym, w funkcji kwadratowej. S\u0105 to zadania wysoko punktowane, bo ucze\u0144 mo\u017ce otrzyma\u0107 a\u017c od 4 do 6 punkt\u00f3w. Na tym wyk\u0142adzie zostan\u0105 om\u00f3wione sposoby tworzenia warunk\u00f3w do tego typu zada\u0144 oraz przekszta\u0142ce\u0144 pewnych wyra\u017ce\u0144 do takiej postaci, w kt\u00f3rej mo\u017cna wykorzysta\u0107 wzory Viete\u2019a. Uczestnicy wyk\u0142adu otrzymaj\u0105 do pobrania uk\u0142ad tabelaryczny warunk\u00f3w do zada\u0144 z parametrami i dodatkowo \u2013 do r\u00f3wna\u0144 dwukwadratowych z parametrem.\n\nJednym z typ\u00f3w zada\u0144, kt\u00f3re pojawiaj\u0105 si\u0119 na maturze z poziomu rozszerzonego s\u0105 te, w kt\u00f3rych wyst\u0119puje parametr, w tym, w funkcji kwadratowej. S\u0105 to zadania wysoko punktowane, bo ucze\u0144 mo\u017ce otrzyma\u0107 a\u017c od 4 do 6 punkt\u00f3w. Na tym wyk\u0142adzie zostan\u0105 om\u00f3wione sposoby tworzenia warunk\u00f3w do tego typu zada\u0144 oraz przekszta\u0142ce\u0144 pewnych wyra\u017ce\u0144 do takiej postaci, w kt\u00f3rej mo\u017cna wykorzysta\u0107 wzory Viete\u2019a. Uczestnicy wyk\u0142adu otrzymaj\u0105 do pobrania uk\u0142ad tabelaryczny warunk\u00f3w do zada\u0144 z parametrami i dodatkowo \u2013 do r\u00f3wna\u0144 dwukwadratowych z parametrem.\n\n\n\n<p>&nbsp;<\/p>\n\n --><\/p>\n","protected":false},"excerpt":{"rendered":"","protected":false},"author":2,"featured_media":0,"parent":135,"menu_order":8,"comment_status":"closed","ping_status":"closed","template":"","meta":{"ngg_post_thumbnail":0,"footnotes":""},"class_list":["post-255","page","type-page","status-publish","hentry"],"aioseo_notices":[],"_links":{"self":[{"href":"https:\/\/pdm.pb.edu.pl\/2024\/wp-json\/wp\/v2\/pages\/255","targetHints":{"allow":["GET"]}}],"collection":[{"href":"https:\/\/pdm.pb.edu.pl\/2024\/wp-json\/wp\/v2\/pages"}],"about":[{"href":"https:\/\/pdm.pb.edu.pl\/2024\/wp-json\/wp\/v2\/types\/page"}],"author":[{"embeddable":true,"href":"https:\/\/pdm.pb.edu.pl\/2024\/wp-json\/wp\/v2\/users\/2"}],"replies":[{"embeddable":true,"href":"https:\/\/pdm.pb.edu.pl\/2024\/wp-json\/wp\/v2\/comments?post=255"}],"version-history":[{"count":4,"href":"https:\/\/pdm.pb.edu.pl\/2024\/wp-json\/wp\/v2\/pages\/255\/revisions"}],"predecessor-version":[{"id":524,"href":"https:\/\/pdm.pb.edu.pl\/2024\/wp-json\/wp\/v2\/pages\/255\/revisions\/524"}],"up":[{"embeddable":true,"href":"https:\/\/pdm.pb.edu.pl\/2024\/wp-json\/wp\/v2\/pages\/135"}],"wp:attachment":[{"href":"https:\/\/pdm.pb.edu.pl\/2024\/wp-json\/wp\/v2\/media?parent=255"}],"curies":[{"name":"wp","href":"https:\/\/api.w.org\/{rel}","templated":true}]}}