{"id":217,"date":"2023-10-11T01:11:20","date_gmt":"2023-10-10T23:11:20","guid":{"rendered":"https:\/\/pdm.pb.edu.pl\/2024\/?page_id=217"},"modified":"2024-10-06T20:33:57","modified_gmt":"2024-10-06T18:33:57","slug":"marzena-filipowicz-chomko","status":"publish","type":"page","link":"https:\/\/pdm.pb.edu.pl\/2024\/wykladowcy\/marzena-filipowicz-chomko\/","title":{"rendered":"Marzena Filipowicz-Chomko"},"content":{"rendered":"<p><!-- Wyk\u0142ad: <strong>Fraktalne mierzenie \u015bwiata<\/strong>\n\n<strong>Wyk\u0142ad, 27.10.2023, szko\u0142a \u015brednia<\/strong>\n\nCzy mo\u017ce istnie\u0107 obiekt o polu r\u00f3wnym zero? A czy pole powierzchni mog\u0142oby r\u00f3wna\u0107 si\u0119 niesko\u0144czono\u015bci? Jak zmierzy\u0107 brzeg Anglii? W czasie wyk\u0142adu spr\u00f3bujemy znale\u017a\u0107 odpowiedzi na te intryguj\u0105ce pytania. Poka\u017cemy te\u017c jak zaskakuj\u0105ce mo\u017ce by\u0107 mierzenie \u015bwiata z udzia\u0142em fraktali.\n\n\n\n<p>&nbsp;<\/p>\n\n --><\/p>\n","protected":false},"excerpt":{"rendered":"","protected":false},"author":2,"featured_media":0,"parent":135,"menu_order":4,"comment_status":"closed","ping_status":"closed","template":"","meta":{"ngg_post_thumbnail":0,"footnotes":""},"class_list":["post-217","page","type-page","status-publish","hentry"],"aioseo_notices":[],"_links":{"self":[{"href":"https:\/\/pdm.pb.edu.pl\/2024\/wp-json\/wp\/v2\/pages\/217","targetHints":{"allow":["GET"]}}],"collection":[{"href":"https:\/\/pdm.pb.edu.pl\/2024\/wp-json\/wp\/v2\/pages"}],"about":[{"href":"https:\/\/pdm.pb.edu.pl\/2024\/wp-json\/wp\/v2\/types\/page"}],"author":[{"embeddable":true,"href":"https:\/\/pdm.pb.edu.pl\/2024\/wp-json\/wp\/v2\/users\/2"}],"replies":[{"embeddable":true,"href":"https:\/\/pdm.pb.edu.pl\/2024\/wp-json\/wp\/v2\/comments?post=217"}],"version-history":[{"count":9,"href":"https:\/\/pdm.pb.edu.pl\/2024\/wp-json\/wp\/v2\/pages\/217\/revisions"}],"predecessor-version":[{"id":520,"href":"https:\/\/pdm.pb.edu.pl\/2024\/wp-json\/wp\/v2\/pages\/217\/revisions\/520"}],"up":[{"embeddable":true,"href":"https:\/\/pdm.pb.edu.pl\/2024\/wp-json\/wp\/v2\/pages\/135"}],"wp:attachment":[{"href":"https:\/\/pdm.pb.edu.pl\/2024\/wp-json\/wp\/v2\/media?parent=217"}],"curies":[{"name":"wp","href":"https:\/\/api.w.org\/{rel}","templated":true}]}}