{"id":210,"date":"2023-10-11T01:07:35","date_gmt":"2023-10-10T23:07:35","guid":{"rendered":"https:\/\/pdm.pb.edu.pl\/2024\/?page_id=210"},"modified":"2024-10-07T22:53:48","modified_gmt":"2024-10-07T20:53:48","slug":"krzysztof-ciesielski","status":"publish","type":"page","link":"https:\/\/pdm.pb.edu.pl\/2024\/wykladowcy\/krzysztof-ciesielski\/","title":{"rendered":"Krzysztof Ciesielski"},"content":{"rendered":"<p><!-- Wyk\u0142ad: <strong>Matematyka wyborcza<\/strong>\n\n<strong>25.10.2023, godz. 11:00 - 11:45, wyk\u0142ad online, wszyscy zainteresowani<\/strong>\n\nW wyborach do Sejmu, do rady miasta, do sejmiku wojew\u00f3dzkiego oddane g\u0142osy przeliczane s\u0105 na mandaty - kilka lub kilkana\u015bcie w danym okr\u0119gu\nwyborczym. Na jakiej zasadzie wykonywane jest to przeliczenie? Czy ordynacja nazywana proporcjonaln\u0105 jest naprawd\u0119 proporcjonalna? Czy\nwybory, w kt\u00f3rych mamy wybra\u0107 jednego spo\u015br\u00f3d kilku kandydat\u00f3w, mo\u017cna organizowa\u0107 tylko na jeden spos\u00f3b? Na wyk\u0142adzie zostanie przedstawiona matematyka ukryta za zasadami metod g\u0142osowania, pokazane mo\u017cliwe efekty stosowania obecnej ordynacji,  rozmaite paradoksy wyborcze, podane  pewne informacje zwi\u0105zane z histori\u0105 powstawania rozmaitych metod wyborczych. Wyk\u0142ad jest czysto matematyczny i nie b\u0119dzie w nim mowy o \u017cadnych konkretnych partiach politycznych.\n\n\n\n<p>&nbsp;<\/p>\n\n --><\/p>\n","protected":false},"excerpt":{"rendered":"","protected":false},"author":2,"featured_media":0,"parent":135,"menu_order":3,"comment_status":"closed","ping_status":"closed","template":"","meta":{"ngg_post_thumbnail":0,"footnotes":""},"class_list":["post-210","page","type-page","status-publish","hentry"],"aioseo_notices":[],"_links":{"self":[{"href":"https:\/\/pdm.pb.edu.pl\/2024\/wp-json\/wp\/v2\/pages\/210","targetHints":{"allow":["GET"]}}],"collection":[{"href":"https:\/\/pdm.pb.edu.pl\/2024\/wp-json\/wp\/v2\/pages"}],"about":[{"href":"https:\/\/pdm.pb.edu.pl\/2024\/wp-json\/wp\/v2\/types\/page"}],"author":[{"embeddable":true,"href":"https:\/\/pdm.pb.edu.pl\/2024\/wp-json\/wp\/v2\/users\/2"}],"replies":[{"embeddable":true,"href":"https:\/\/pdm.pb.edu.pl\/2024\/wp-json\/wp\/v2\/comments?post=210"}],"version-history":[{"count":8,"href":"https:\/\/pdm.pb.edu.pl\/2024\/wp-json\/wp\/v2\/pages\/210\/revisions"}],"predecessor-version":[{"id":626,"href":"https:\/\/pdm.pb.edu.pl\/2024\/wp-json\/wp\/v2\/pages\/210\/revisions\/626"}],"up":[{"embeddable":true,"href":"https:\/\/pdm.pb.edu.pl\/2024\/wp-json\/wp\/v2\/pages\/135"}],"wp:attachment":[{"href":"https:\/\/pdm.pb.edu.pl\/2024\/wp-json\/wp\/v2\/media?parent=210"}],"curies":[{"name":"wp","href":"https:\/\/api.w.org\/{rel}","templated":true}]}}