{"id":191,"date":"2023-10-11T00:38:52","date_gmt":"2023-10-10T22:38:52","guid":{"rendered":"https:\/\/pdm.pb.edu.pl\/2024\/?page_id=191"},"modified":"2024-10-06T20:32:50","modified_gmt":"2024-10-06T18:32:50","slug":"zbigniew-bartosiewicz","status":"publish","type":"page","link":"https:\/\/pdm.pb.edu.pl\/2024\/wykladowcy\/zbigniew-bartosiewicz\/","title":{"rendered":"Zbigniew Bartosiewicz"},"content":{"rendered":"<p><!-- Wyk\u0142ad: <strong>Tajemnice wielo\u015bcian\u00f3w i powierzchni<\/strong>\n\n<strong>27.10.2023, godz. 10:00 - 10:45, szko\u0142a \u015brednia<\/strong>\n\nOpowiem o pewnej liczbie, kt\u00f3r\u0105 mo\u017cna powi\u0105za\u0107 z wielo\u015bcianem. Liczba ta zale\u017cy od liczby \u015bcian, kraw\u0119dzi i wierzcho\u0142k\u00f3w wielo\u015bcianu, ale oka\u017ce si\u0119, \u017ce dla wi\u0119kszo\u015bci znanych wielo\u015bcian\u00f3w jest ona taka sama. To pozwoli na przeniesienie tej charakterystyki na powierzchnie. Zobaczymy czym r\u00f3\u017cni\u0105 si\u0119 sfera i torus oraz jak zmienia si\u0119 ta liczba, gdy rozetniemy wielo\u015bcian lub powierzchni\u0119.\n&nbsp; --><\/p>\n","protected":false},"excerpt":{"rendered":"","protected":false},"author":2,"featured_media":0,"parent":135,"menu_order":1,"comment_status":"closed","ping_status":"closed","template":"","meta":{"ngg_post_thumbnail":0,"footnotes":""},"class_list":["post-191","page","type-page","status-publish","hentry"],"aioseo_notices":[],"_links":{"self":[{"href":"https:\/\/pdm.pb.edu.pl\/2024\/wp-json\/wp\/v2\/pages\/191","targetHints":{"allow":["GET"]}}],"collection":[{"href":"https:\/\/pdm.pb.edu.pl\/2024\/wp-json\/wp\/v2\/pages"}],"about":[{"href":"https:\/\/pdm.pb.edu.pl\/2024\/wp-json\/wp\/v2\/types\/page"}],"author":[{"embeddable":true,"href":"https:\/\/pdm.pb.edu.pl\/2024\/wp-json\/wp\/v2\/users\/2"}],"replies":[{"embeddable":true,"href":"https:\/\/pdm.pb.edu.pl\/2024\/wp-json\/wp\/v2\/comments?post=191"}],"version-history":[{"count":11,"href":"https:\/\/pdm.pb.edu.pl\/2024\/wp-json\/wp\/v2\/pages\/191\/revisions"}],"predecessor-version":[{"id":518,"href":"https:\/\/pdm.pb.edu.pl\/2024\/wp-json\/wp\/v2\/pages\/191\/revisions\/518"}],"up":[{"embeddable":true,"href":"https:\/\/pdm.pb.edu.pl\/2024\/wp-json\/wp\/v2\/pages\/135"}],"wp:attachment":[{"href":"https:\/\/pdm.pb.edu.pl\/2024\/wp-json\/wp\/v2\/media?parent=191"}],"curies":[{"name":"wp","href":"https:\/\/api.w.org\/{rel}","templated":true}]}}