{"id":139,"date":"2023-10-05T09:35:26","date_gmt":"2023-10-05T07:35:26","guid":{"rendered":"https:\/\/pdm.pb.edu.pl\/2024\/?page_id=139"},"modified":"2024-10-03T23:11:07","modified_gmt":"2024-10-03T21:11:07","slug":"gra-terenowa","status":"publish","type":"page","link":"https:\/\/pdm.pb.edu.pl\/2024\/gra-terenowa\/","title":{"rendered":"Gra terenowa"},"content":{"rendered":"<h2 class=\"text-center\">REGULAMIN GRY TERENOWEJ 2024<\/h2>\n<ol>\n<li>Gra terenowa zostanie rozegrana dnia 25.10.2024 r. na <a href=\"https:\/\/pb.edu.pl\/uczelnia\/mapa-kampusu\/\">kampusie Politechniki Bia\u0142ostockiej<\/a> i rozpocznie si\u0119 odpraw\u0105 uczestnik\u00f3w <a href=\"https:\/\/wi.pb.edu.pl\/kontakt\/mapa-kampusu\/\">w budynku Wydzia\u0142u Informatyki<\/a> w sali 128 o godz. 8.45.<\/li>\n<li>W grze mo\u017ce wzi\u0105\u0107 udzia\u0142 5 dru\u017cyn 5-6 osobowych z\u0142o\u017conych z uczni\u00f3w szko\u0142y \u015bredniej. Pierwsze\u0144stwo maj\u0105 uczniowie szk\u00f3\u0142, kt\u00f3re nie bra\u0142y udzia\u0142u we wcze\u015bniejszej edycji. W przypadku wolnych miejsc, uczniowie tej samej szko\u0142y ale inne osoby.<\/li>\n<li>Dru\u017cyn\u0119 zg\u0142asza nauczyciel podaj\u0105c imiona i nazwiska uczestnik\u00f3w i nazw\u0119 dru\u017cyny (decyduje kolejno\u015b\u0107 zg\u0142osze\u0144 z uwzgl\u0119dnieniem punktu 2).<\/li>\n<li>Ka\u017cda szko\u0142a mo\u017ce zg\u0142osi\u0107 do gry tylko jedn\u0105 dru\u017cyn\u0119, chyba \u017ce lista zg\u0142osze\u0144 nie b\u0119dzie pe\u0142na, w\u00f3wczas ta sama szko\u0142a mo\u017ce zg\u0142osi\u0107 kolejn\u0105 dru\u017cyn\u0119. Przy tworzeniu listy dru\u017cyn liczy si\u0119 kolejno\u015b\u0107 zg\u0142osze\u0144.<\/li>\n<li>Ka\u017cda grupa pod\u0105\u017ca za wskaz\u00f3wkami, kt\u00f3re uzyska po rozszyfrowaniu zada\u0144 podanych na kartce, wszystkie kartki z \u0142amig\u0142\u00f3wkami przydzielonymi danej grupie b\u0119d\u0105 mia\u0142y ten sam kolor. Rozszyfrowanie wskaz\u00f3wek na kartkach wska\u017ce kolejny punkt po\u015bredni.<\/li>\n<li>Celem gry jest zebranie wszystkich kartek z \u0142amig\u0142\u00f3wkami, w kolorze ustalonym dla danej grupy i zgromadzenie mo\u017cliwie najwi\u0119kszej liczby punkt\u00f3w. Wygrywa zesp\u00f3\u0142, kt\u00f3ry dotrze do ostatniego punktu w najkr\u00f3tszym czasie, zgromadzi wszystkie kartki nie pomijaj\u0105c \u017cadnej i zg\u0142osi si\u0119 z nimi do JURY gry.<\/li>\n<\/ol>\n<p>&nbsp;<\/p>\n","protected":false},"excerpt":{"rendered":"<p>REGULAMIN GRY TERENOWEJ 2024 Gra terenowa zostanie rozegrana dnia 25.10.2024 r. na kampusie Politechniki Bia\u0142ostockiej i rozpocznie si\u0119 odpraw\u0105 uczestnik\u00f3w w budynku Wydzia\u0142u Informatyki w sali 128 o godz. 8.45. W grze mo\u017ce wzi\u0105\u0107 udzia\u0142 5 dru\u017cyn 5-6 osobowych z\u0142o\u017conych z uczni\u00f3w szko\u0142y \u015bredniej. Pierwsze\u0144stwo maj\u0105 uczniowie szk\u00f3\u0142, kt\u00f3re nie bra\u0142y udzia\u0142u we wcze\u015bniejszej edycji. [&hellip;]<\/p>\n","protected":false},"author":2,"featured_media":0,"parent":0,"menu_order":0,"comment_status":"closed","ping_status":"closed","template":"","meta":{"ngg_post_thumbnail":0,"footnotes":""},"class_list":["post-139","page","type-page","status-publish","hentry"],"aioseo_notices":[],"_links":{"self":[{"href":"https:\/\/pdm.pb.edu.pl\/2024\/wp-json\/wp\/v2\/pages\/139","targetHints":{"allow":["GET"]}}],"collection":[{"href":"https:\/\/pdm.pb.edu.pl\/2024\/wp-json\/wp\/v2\/pages"}],"about":[{"href":"https:\/\/pdm.pb.edu.pl\/2024\/wp-json\/wp\/v2\/types\/page"}],"author":[{"embeddable":true,"href":"https:\/\/pdm.pb.edu.pl\/2024\/wp-json\/wp\/v2\/users\/2"}],"replies":[{"embeddable":true,"href":"https:\/\/pdm.pb.edu.pl\/2024\/wp-json\/wp\/v2\/comments?post=139"}],"version-history":[{"count":9,"href":"https:\/\/pdm.pb.edu.pl\/2024\/wp-json\/wp\/v2\/pages\/139\/revisions"}],"predecessor-version":[{"id":458,"href":"https:\/\/pdm.pb.edu.pl\/2024\/wp-json\/wp\/v2\/pages\/139\/revisions\/458"}],"wp:attachment":[{"href":"https:\/\/pdm.pb.edu.pl\/2024\/wp-json\/wp\/v2\/media?parent=139"}],"curies":[{"name":"wp","href":"https:\/\/api.w.org\/{rel}","templated":true}]}}