{"id":135,"date":"2023-10-05T09:34:28","date_gmt":"2023-10-05T07:34:28","guid":{"rendered":"https:\/\/pdm.pb.edu.pl\/2024\/?page_id=135"},"modified":"2024-10-21T15:13:29","modified_gmt":"2024-10-21T13:13:29","slug":"wykladowcy","status":"publish","type":"page","link":"https:\/\/pdm.pb.edu.pl\/2024\/wykladowcy\/","title":{"rendered":"Wyk\u0142adowcy"},"content":{"rendered":"<p><a href=\"https:\/\/pdm.pb.edu.pl\/2024\/wykladowcy\/zbigniew-bartosiewicz\/\">Zbigniew Bartosiewicz<\/a><\/p>\n<p><a href=\"https:\/\/pdm.pb.edu.pl\/2024\/wykladowcy\/nuno-r-o-bastos\/\">Nuno R. O. Bastos<\/a><\/p>\n<p><a href=\"https:\/\/pdm.pb.edu.pl\/2024\/wykladowcy\/anna-borowska\/\">Anna Borowska<\/a><\/p>\n<p><a href=\"https:\/\/pdm.pb.edu.pl\/2024\/wykladowcy\/krzysztof-ciesielski\/\">Krzysztof Ciesielski<\/a><\/p>\n<p><a href=\"https:\/\/pdm.pb.edu.pl\/2024\/wykladowcy\/tomasz-czyzycki\/\">Tomasz Czy\u017cycki<\/a><\/p>\n<p><a href=\"https:\/\/pdm.pb.edu.pl\/2024\/wykladowcy\/marzena-filipowicz-chomko\/\">Marzena Filipowicz-Chomko<\/a><\/p>\n<p><a href=\"https:\/\/pdm.pb.edu.pl\/2024\/wykladowcy\/dr-ewa-girejko\/\">Ewa Girejko<\/a><\/p>\n<p><a href=\"https:\/\/pdm.pb.edu.pl\/2024\/wykladowcy\/piotr-grzeszczuk\/\">Piotr Grzeszczuk<\/a><\/p>\n<p><a href=\"https:\/\/pdm.pb.edu.pl\/2024\/wykladowcy\/elzbieta-guziejko\/\">El\u017cbieta Guziejko<\/a><\/p>\n<p><a href=\"https:\/\/pdm.pb.edu.pl\/2024\/wykladowcy\/dariusz-kacprzak\/\">Dariusz Kacprzak<\/a><\/p>\n<p><a href=\"https:\/\/pdm.pb.edu.pl\/2024\/wykladowcy\/magdalena-kacprzak\/\">Magdalena Kacprzak<\/a><\/p>\n<p><a href=\"https:\/\/pdm.pb.edu.pl\/2024\/wykladowcy\/joanna-karbowska-chilinska\/\">Joanna Karbowska-Chili\u0144ska<\/a><\/p>\n<p><a href=\"https:\/\/pdm.pb.edu.pl\/2024\/wykladowcy\/jakub-kierznowski\/\">Jakub Kierznowski<\/a><\/p>\n<p><a href=\"https:\/\/pdm.pb.edu.pl\/2024\/wykladowcy\/marcin-korzunowicz\/\">Marcin Korzunowicz<\/a><\/p>\n<p><a href=\"https:\/\/pdm.pb.edu.pl\/2024\/wykladowcy\/miroslaw-majewski\/\">Miros\u0142aw Majewski<\/a><\/p>\n<p><a href=\"https:\/\/pdm.pb.edu.pl\/2024\/wykladowcy\/agnieszka-makarec\/\">Agnieszka Makarec<\/a><\/p>\n<p><a href=\"https:\/\/pdm.pb.edu.pl\/2024\/wykladowcy\/\">Ryszard Mazurek<\/a><\/p>\n<p><a href=\"https:\/\/pdm.pb.edu.pl\/2024\/wykladowcy\/marek-mierzwinski\/\">Marek Mierzwi\u0144ski<\/a><\/p>\n<p><a href=\"https:\/\/pdm.pb.edu.pl\/2024\/wykladowcy\/monika-mierzwinska\/\">Monika Mierzwi\u0144ska<\/a><\/p>\n<p><a href=\"https:\/\/pdm.pb.edu.pl\/2024\/wykladowcy\/dorota-mozyrska\/\">Dorota Mozyrska<\/a><\/p>\n<p><a href=\"https:\/\/pdm.pb.edu.pl\/2024\/wykladowcy\/antoni-pierzchalski\/\">Antoni Pierzchalski<\/a><\/p>\n<p><a href=\"https:\/\/pdm.pb.edu.pl\/2024\/wykladowcy\/anna-poskrobko\/\">Anna Poskrobko<\/a><\/p>\n<p><a href=\"https:\/\/pdm.pb.edu.pl\/2024\/wykladowcy\/klaudia-rosinska\/\">Klaudia Rosi\u0144ska<\/a><\/p>\n<p><a href=\"https:\/\/pdm.pb.edu.pl\/2024\/wykladowcy\/ewa-roszkowska\/\">Ewa Roszkowska<\/a><\/p>\n<p><a href=\"https:\/\/pdm.pb.edu.pl\/2024\/wykladowcy\/anna-rybak\/\">Anna Rybak<\/a><\/p>\n<p><a href=\"https:\/\/pdm.pb.edu.pl\/2024\/wykladowcy\/lukasz-rzepnicki\/\">\u0141ukasz Rzepnicki<\/a><\/p>\n<p><a href=\"https:\/\/pdm.pb.edu.pl\/2024\/wykladowcy\/rajmund-stasiewicz\/\">Rajmund Stasiewicz<\/a><\/p>\n<p><a href=\"https:\/\/pdm.pb.edu.pl\/2024\/wykladowcy\/agnieszka-tereszkiewicz\/\">Agnieszka Tereszkiewicz<\/a><\/p>\n<p><a href=\"https:\/\/pdm.pb.edu.pl\/2024\/wykladowcy\/katarzyna-topolewicz\/\">Katarzyna Topolewicz<\/a><\/p>\n<p><a href=\"https:\/\/pdm.pb.edu.pl\/2024\/wykladowcy\/malgorzata-wyrwas\/\">Ma\u0142gorzata Wyrwas<\/a><\/p>\n<p><a href=\"https:\/\/pdm.pb.edu.pl\/2024\/wykladowcy\/pawel-zabielski\/\">Pawe\u0142 Zabielski<\/a><\/p>\n<p><a href=\"https:\/\/pdm.pb.edu.pl\/2024\/wykladowcy\/malgorzata-zdrodowska\/\">Ma\u0142gorzata Zdrodowska<\/a><\/p>\n<p><a href=\"https:\/\/pdm.pb.edu.pl\/2024\/wykladowcy\/slawomir-zielinski\/\">S\u0142awomir Zieli\u0144ski<\/a><br \/>\n&nbsp;<\/p>\n","protected":false},"excerpt":{"rendered":"<p>Zbigniew Bartosiewicz Nuno R. O. Bastos Anna Borowska Krzysztof Ciesielski Tomasz Czy\u017cycki Marzena Filipowicz-Chomko Ewa Girejko Piotr Grzeszczuk El\u017cbieta Guziejko Dariusz Kacprzak Magdalena Kacprzak Joanna Karbowska-Chili\u0144ska Jakub Kierznowski Marcin Korzunowicz Miros\u0142aw Majewski Agnieszka Makarec Ryszard Mazurek Marek Mierzwi\u0144ski Monika Mierzwi\u0144ska Dorota Mozyrska Antoni Pierzchalski Anna Poskrobko Klaudia Rosi\u0144ska Ewa Roszkowska Anna Rybak \u0141ukasz Rzepnicki Rajmund [&hellip;]<\/p>\n","protected":false},"author":2,"featured_media":0,"parent":0,"menu_order":0,"comment_status":"closed","ping_status":"closed","template":"","meta":{"ngg_post_thumbnail":0,"footnotes":""},"class_list":["post-135","page","type-page","status-publish","hentry"],"aioseo_notices":[],"_links":{"self":[{"href":"https:\/\/pdm.pb.edu.pl\/2024\/wp-json\/wp\/v2\/pages\/135","targetHints":{"allow":["GET"]}}],"collection":[{"href":"https:\/\/pdm.pb.edu.pl\/2024\/wp-json\/wp\/v2\/pages"}],"about":[{"href":"https:\/\/pdm.pb.edu.pl\/2024\/wp-json\/wp\/v2\/types\/page"}],"author":[{"embeddable":true,"href":"https:\/\/pdm.pb.edu.pl\/2024\/wp-json\/wp\/v2\/users\/2"}],"replies":[{"embeddable":true,"href":"https:\/\/pdm.pb.edu.pl\/2024\/wp-json\/wp\/v2\/comments?post=135"}],"version-history":[{"count":37,"href":"https:\/\/pdm.pb.edu.pl\/2024\/wp-json\/wp\/v2\/pages\/135\/revisions"}],"predecessor-version":[{"id":650,"href":"https:\/\/pdm.pb.edu.pl\/2024\/wp-json\/wp\/v2\/pages\/135\/revisions\/650"}],"wp:attachment":[{"href":"https:\/\/pdm.pb.edu.pl\/2024\/wp-json\/wp\/v2\/media?parent=135"}],"curies":[{"name":"wp","href":"https:\/\/api.w.org\/{rel}","templated":true}]}}