{"id":115,"date":"2023-10-05T00:05:09","date_gmt":"2023-10-04T22:05:09","guid":{"rendered":"https:\/\/pdm.pb.edu.pl\/2024\/?page_id=115"},"modified":"2024-10-22T11:58:56","modified_gmt":"2024-10-22T09:58:56","slug":"informacje-dla-uczestnikow","status":"publish","type":"page","link":"https:\/\/pdm.pb.edu.pl\/2024\/informacje-dla-uczestnikow\/","title":{"rendered":"Informacje dla uczestnik\u00f3w"},"content":{"rendered":"<p>W <a href=\"https:\/\/pdm.pb.edu.pl\/2024\/program\/kalendarium-wydarzen\/\">programie<\/a> znalaz\u0142y si\u0119 wyk\u0142ady oraz warsztaty skierowane do uczni\u00f3w i nauczycieli szk\u00f3\u0142 \u015brednich oraz podstawowych ze wskazaniem poziomu klasy a tak\u017ce do student\u00f3w i pasjonat\u00f3w matematyki i jej zastosowa\u0144.<\/p>\n<p>Cz\u0119\u015b\u0107 wyk\u0142ad\u00f3w odbywa si\u0119 online ale w wi\u0119kszo\u015bci zapraszamy na spotkania stacjonarne. Prosz\u0119 przejrzyjcie program, ka\u017cdy znajdzie co\u015b dla siebie.<\/p>\n<p>Uczestnictwo w Podlaskich Dniach Matematyki jest bezp\u0142atne, ale <strong>wymagana jest rejestracja<\/strong>. Linki do wyk\u0142ad\u00f3w online zostan\u0105 podane <strong>po 20.10.2024<\/strong> (ka\u017cdy wyk\u0142ad lub warsztat b\u0119dzie mia\u0142 podany otwarty link dost\u0119pu, wej\u015bcie na wyk\u0142ad we wskazanych godzinach).<\/p>\n<p>Na koniec ka\u017cdego wyk\u0142adu prowadz\u0105cy przeprowadzi kr\u00f3tki quiz, najlepsze lub najszybsze odpowiedzi nagrodzimy.<\/p>\n<ul>\n<li><strong>Terminy wyk\u0142ad\u00f3w: 21-24.10.2024<\/strong><\/li>\n<li>Data Pikniku Matematycznego: 25.10.2024<\/li>\n<li>Matematyczna Gra Terenowa: 25.10.2024<\/li>\n<li>Atrakcje dodatkowe: Autobusowe \u0142amanie g\u0142\u00f3wki, Poci\u0105g do matematyki (zadania w Polregio)<\/li>\n<li>Wyk\u0142ady b\u0119d\u0105 prowadzone s\u0105 w j\u0119zyku polskim, jednak\u017ce w programie mog\u0105 znale\u017a\u0107 si\u0119  r\u00f3wnie\u017c atrakcyjne prezentacje w j\u0119zyku angielskim.<\/li>\n<\/ul>\n<p>G\u0142\u00f3wnym celem organizacji Podlaskich Dni Matematyki tej edycji i nast\u0119pnych jest popularyzacja matematyki, jej zastosowa\u0144 i informacja o obecno\u015bci matematyki w r\u00f3\u017cnych dziedzinach naszego \u017cycia i \u015brodowiska. Matematyka ma niezliczone zastosowania w nauce, in\u017cynierii i technologii, ale w szkole matematyka to jeden z najbardziej niepopularnych przedmiot\u00f3w, postrzegany jako trudny, nudny i nieprzydatny w \u017cyciu. Akcje popularyzacyjne mog\u0105 pom\u00f3c wype\u0142ni\u0107 t\u0119 luk\u0119, pokazuj\u0105c, jak ekscytuj\u0105ca, przydatna i pi\u0119kna jest matematyka. Wiele dzisiejszych najwa\u017cniejszych i najbardziej innowacyjnych zawod\u00f3w wi\u0105\u017ce si\u0119 ze znaczn\u0105 znajomo\u015bci\u0105 matematyki &#8211; od in\u017cynierii po tworzenie oprogramowania, badania naukowe i finanse. Te dyscypliny s\u0105 niezb\u0119dne do zapewnienia post\u0119pu technologicznego i naukowego oraz wzrostu gospodarczego i mog\u0105 rozwija\u0107 si\u0119 tylko wtedy, gdy zach\u0119camy wi\u0119cej uczni\u00f3w do studiowania przedmiot\u00f3w matematycznych. Ale matematyka przydaje si\u0119 te\u017c w \u201ecodzienno\u015bci\u201d. Mened\u017cerowie i politycy musz\u0105 umie\u0107 interpretowa\u0107 dane statystyczne i rozumie\u0107 raporty \u015brodowiskowe lub oceny wydajno\u015bci napisane przez matematyk\u00f3w. W prawie wszystkich zawodach wymagana jest podstawowa umiej\u0119tno\u015b\u0107 liczenia. Uznaj\u0105c, wobec tego znajomo\u015b\u0107 matematyki za podstaw\u0119 dalszego efektywnego kszta\u0142cenia w naukach \u015bcis\u0142ych lub technicznych, mo\u017cna stwierdzi\u0107 z ca\u0142\u0105 pewno\u015bci\u0105, i\u017c popularyzacja matematyki jako nauki i popularyzacja r\u00f3\u017cnych metodologii jej poznawania jest kluczowa w rozwoju spo\u0142ecze\u0144stwa.<br \/>\n&nbsp;<\/p>\n","protected":false},"excerpt":{"rendered":"<p>W programie znalaz\u0142y si\u0119 wyk\u0142ady oraz warsztaty skierowane do uczni\u00f3w i nauczycieli szk\u00f3\u0142 \u015brednich oraz podstawowych ze wskazaniem poziomu klasy a tak\u017ce do student\u00f3w i pasjonat\u00f3w matematyki i jej zastosowa\u0144. Cz\u0119\u015b\u0107 wyk\u0142ad\u00f3w odbywa si\u0119 online ale w wi\u0119kszo\u015bci zapraszamy na spotkania stacjonarne. Prosz\u0119 przejrzyjcie program, ka\u017cdy znajdzie co\u015b dla siebie. Uczestnictwo w Podlaskich Dniach Matematyki [&hellip;]<\/p>\n","protected":false},"author":2,"featured_media":0,"parent":0,"menu_order":0,"comment_status":"closed","ping_status":"closed","template":"","meta":{"ngg_post_thumbnail":0,"footnotes":""},"class_list":["post-115","page","type-page","status-publish","hentry"],"aioseo_notices":[],"_links":{"self":[{"href":"https:\/\/pdm.pb.edu.pl\/2024\/wp-json\/wp\/v2\/pages\/115","targetHints":{"allow":["GET"]}}],"collection":[{"href":"https:\/\/pdm.pb.edu.pl\/2024\/wp-json\/wp\/v2\/pages"}],"about":[{"href":"https:\/\/pdm.pb.edu.pl\/2024\/wp-json\/wp\/v2\/types\/page"}],"author":[{"embeddable":true,"href":"https:\/\/pdm.pb.edu.pl\/2024\/wp-json\/wp\/v2\/users\/2"}],"replies":[{"embeddable":true,"href":"https:\/\/pdm.pb.edu.pl\/2024\/wp-json\/wp\/v2\/comments?post=115"}],"version-history":[{"count":11,"href":"https:\/\/pdm.pb.edu.pl\/2024\/wp-json\/wp\/v2\/pages\/115\/revisions"}],"predecessor-version":[{"id":654,"href":"https:\/\/pdm.pb.edu.pl\/2024\/wp-json\/wp\/v2\/pages\/115\/revisions\/654"}],"wp:attachment":[{"href":"https:\/\/pdm.pb.edu.pl\/2024\/wp-json\/wp\/v2\/media?parent=115"}],"curies":[{"name":"wp","href":"https:\/\/api.w.org\/{rel}","templated":true}]}}