{"id":345,"date":"2023-10-13T15:28:50","date_gmt":"2023-10-13T13:28:50","guid":{"rendered":"https:\/\/pdm.pb.edu.pl\/2023\/?page_id=345"},"modified":"2023-10-13T15:29:46","modified_gmt":"2023-10-13T13:29:46","slug":"ewa-roszkowska","status":"publish","type":"page","link":"https:\/\/pdm.pb.edu.pl\/2023\/wykladowcy\/ewa-roszkowska\/","title":{"rendered":"Ewa Roszkowska"},"content":{"rendered":"<p>Wyk\u0142ad: <strong>Dylemat wi\u0119\u017ania, czyli czy warto wsp\u00f3\u0142pracowa\u0107<\/strong><br \/>\n<strong><br \/>\n27.10.2023, godz. 13:00 &#8211; 14:00, wszyscy zainteresowani<\/strong><\/p>\n<p>Na wyk\u0142adzie zostan\u0105 przedstawione og\u00f3lne za\u0142o\u017cenia teorii gier, jej zwi\u0105zki z ekonomi\u0105 i matematyk\u0105. Opowiemy o intrygujacej i najcz\u0119\u015bciej badanej grze \u201edylemat wi\u0119\u017ania\u201d, w kt\u00f3rej wyst\u0119puje konflikt mi\u0119dzy wsp\u00f3lnym interesem a indywidualn\u0105 racjonalno\u015bci\u0105. Przyk\u0142adem jest sytuacja, w kt\u00f3rej dw\u00f3ch wi\u0119\u017ani\u00f3w musi zdecydowa\u0107 si\u0119 czy przyzna\u0107 si\u0119, czy nie przyzna\u0107 si\u0119 do przest\u0119pstwa. Przy czym, ka\u017cda z decyzji wi\u0105\u017ce si\u0119 z okre\u015blonymi konsekwencjami, tj. czasem pobytu w wi\u0119zieniu. Czy warto wsp\u00f3\u0142pracowa\u0107? Postaramy si\u0119 odpowiedzie\u0107 na to pytanie na wyk\u0142adzie.<\/p>\n<p>&nbsp;<\/p>\n","protected":false},"excerpt":{"rendered":"<p>Wyk\u0142ad: Dylemat wi\u0119\u017ania, czyli czy warto wsp\u00f3\u0142pracowa\u0107 27.10.2023, godz. 13:00 &#8211; 14:00, wszyscy zainteresowani Na wyk\u0142adzie zostan\u0105 przedstawione og\u00f3lne za\u0142o\u017cenia teorii gier, jej zwi\u0105zki z ekonomi\u0105 i matematyk\u0105. Opowiemy o intrygujacej i najcz\u0119\u015bciej badanej grze \u201edylemat wi\u0119\u017ania\u201d, w kt\u00f3rej wyst\u0119puje konflikt mi\u0119dzy wsp\u00f3lnym interesem a indywidualn\u0105 racjonalno\u015bci\u0105. Przyk\u0142adem jest sytuacja, w kt\u00f3rej dw\u00f3ch wi\u0119\u017ani\u00f3w musi [&hellip;]<\/p>\n","protected":false},"author":2,"featured_media":0,"parent":135,"menu_order":18,"comment_status":"closed","ping_status":"closed","template":"","meta":{"ngg_post_thumbnail":0,"footnotes":""},"class_list":["post-345","page","type-page","status-publish","hentry"],"aioseo_notices":[],"_links":{"self":[{"href":"https:\/\/pdm.pb.edu.pl\/2023\/wp-json\/wp\/v2\/pages\/345","targetHints":{"allow":["GET"]}}],"collection":[{"href":"https:\/\/pdm.pb.edu.pl\/2023\/wp-json\/wp\/v2\/pages"}],"about":[{"href":"https:\/\/pdm.pb.edu.pl\/2023\/wp-json\/wp\/v2\/types\/page"}],"author":[{"embeddable":true,"href":"https:\/\/pdm.pb.edu.pl\/2023\/wp-json\/wp\/v2\/users\/2"}],"replies":[{"embeddable":true,"href":"https:\/\/pdm.pb.edu.pl\/2023\/wp-json\/wp\/v2\/comments?post=345"}],"version-history":[{"count":2,"href":"https:\/\/pdm.pb.edu.pl\/2023\/wp-json\/wp\/v2\/pages\/345\/revisions"}],"predecessor-version":[{"id":347,"href":"https:\/\/pdm.pb.edu.pl\/2023\/wp-json\/wp\/v2\/pages\/345\/revisions\/347"}],"up":[{"embeddable":true,"href":"https:\/\/pdm.pb.edu.pl\/2023\/wp-json\/wp\/v2\/pages\/135"}],"wp:attachment":[{"href":"https:\/\/pdm.pb.edu.pl\/2023\/wp-json\/wp\/v2\/media?parent=345"}],"curies":[{"name":"wp","href":"https:\/\/api.w.org\/{rel}","templated":true}]}}