{"id":260,"date":"2023-10-12T10:36:47","date_gmt":"2023-10-12T08:36:47","guid":{"rendered":"https:\/\/pdm.pb.edu.pl\/2023\/?page_id=260"},"modified":"2023-10-12T10:58:03","modified_gmt":"2023-10-12T08:58:03","slug":"dorota-mozyrska","status":"publish","type":"page","link":"https:\/\/pdm.pb.edu.pl\/2023\/wykladowcy\/dorota-mozyrska\/","title":{"rendered":"Dorota Mozyrska"},"content":{"rendered":"<p>Wyk\u0142ad: <strong>Z\u0142ota liczba<\/strong><\/p>\n<p><strong>26.10.2023, 10:15-11:00, szko\u0142a \u015brednia<\/strong><\/p>\n<p>Z\u0142ota liczba &#8211; co to za liczba? Co ma wsp\u00f3lnego ze z\u0142ot\u0105 proporcj\u0105? Co to jest ci\u0105g Fibonacciego? Jakie by\u0142o s\u0142ynne zadanie o kr\u00f3likach?<\/p>\n<p>&nbsp;<\/p>\n","protected":false},"excerpt":{"rendered":"<p>Wyk\u0142ad: Z\u0142ota liczba 26.10.2023, 10:15-11:00, szko\u0142a \u015brednia Z\u0142ota liczba &#8211; co to za liczba? Co ma wsp\u00f3lnego ze z\u0142ot\u0105 proporcj\u0105? Co to jest ci\u0105g Fibonacciego? Jakie by\u0142o s\u0142ynne zadanie o kr\u00f3likach? &nbsp;<\/p>\n","protected":false},"author":2,"featured_media":0,"parent":135,"menu_order":9,"comment_status":"closed","ping_status":"closed","template":"","meta":{"ngg_post_thumbnail":0,"footnotes":""},"class_list":["post-260","page","type-page","status-publish","hentry"],"aioseo_notices":[],"_links":{"self":[{"href":"https:\/\/pdm.pb.edu.pl\/2023\/wp-json\/wp\/v2\/pages\/260","targetHints":{"allow":["GET"]}}],"collection":[{"href":"https:\/\/pdm.pb.edu.pl\/2023\/wp-json\/wp\/v2\/pages"}],"about":[{"href":"https:\/\/pdm.pb.edu.pl\/2023\/wp-json\/wp\/v2\/types\/page"}],"author":[{"embeddable":true,"href":"https:\/\/pdm.pb.edu.pl\/2023\/wp-json\/wp\/v2\/users\/2"}],"replies":[{"embeddable":true,"href":"https:\/\/pdm.pb.edu.pl\/2023\/wp-json\/wp\/v2\/comments?post=260"}],"version-history":[{"count":4,"href":"https:\/\/pdm.pb.edu.pl\/2023\/wp-json\/wp\/v2\/pages\/260\/revisions"}],"predecessor-version":[{"id":290,"href":"https:\/\/pdm.pb.edu.pl\/2023\/wp-json\/wp\/v2\/pages\/260\/revisions\/290"}],"up":[{"embeddable":true,"href":"https:\/\/pdm.pb.edu.pl\/2023\/wp-json\/wp\/v2\/pages\/135"}],"wp:attachment":[{"href":"https:\/\/pdm.pb.edu.pl\/2023\/wp-json\/wp\/v2\/media?parent=260"}],"curies":[{"name":"wp","href":"https:\/\/api.w.org\/{rel}","templated":true}]}}