{"id":248,"date":"2023-10-12T10:25:43","date_gmt":"2023-10-12T08:25:43","guid":{"rendered":"https:\/\/pdm.pb.edu.pl\/2023\/?page_id=248"},"modified":"2023-10-13T15:32:03","modified_gmt":"2023-10-13T13:32:03","slug":"piotr-grzeszczuk","status":"publish","type":"page","link":"https:\/\/pdm.pb.edu.pl\/2023\/wykladowcy\/piotr-grzeszczuk\/","title":{"rendered":"Piotr Grzeszczuk"},"content":{"rendered":"<p>Wyk\u0142ad: <strong>Kombinatoryczna zasada w\u0142\u0105cze\u0144\/wy\u0142\u0105cze\u0144 w zadaniach<\/strong><\/p>\n<p><strong>26.10.2023, godz. 11:00 &#8211; 11:45, szko\u0142a \u015brednia<\/strong><\/p>\n<p>Om\u00f3wione b\u0119dzie podstawowe narz\u0119dzie kombinatoryczne, jakim jest zasada w\u0142\u0105cze\u0144\/wy\u0142\u0105cze\u0144.<br \/>\nPrzedstawimy kilka ciekawych przyk\u0142ad\u00f3w zastosowa\u0144 tej zasady do zagadnie\u0144 zwi\u0105zanych z kombinatoryk\u0105, teori\u0105 liczb i geometri\u0105.<\/p>\n<p>&nbsp;<\/p>\n","protected":false},"excerpt":{"rendered":"<p>Wyk\u0142ad: Kombinatoryczna zasada w\u0142\u0105cze\u0144\/wy\u0142\u0105cze\u0144 w zadaniach 26.10.2023, godz. 11:00 &#8211; 11:45, szko\u0142a \u015brednia Om\u00f3wione b\u0119dzie podstawowe narz\u0119dzie kombinatoryczne, jakim jest zasada w\u0142\u0105cze\u0144\/wy\u0142\u0105cze\u0144. Przedstawimy kilka ciekawych przyk\u0142ad\u00f3w zastosowa\u0144 tej zasady do zagadnie\u0144 zwi\u0105zanych z kombinatoryk\u0105, teori\u0105 liczb i geometri\u0105. &nbsp;<\/p>\n","protected":false},"author":2,"featured_media":0,"parent":135,"menu_order":7,"comment_status":"closed","ping_status":"closed","template":"","meta":{"ngg_post_thumbnail":0,"footnotes":""},"class_list":["post-248","page","type-page","status-publish","hentry"],"aioseo_notices":[],"_links":{"self":[{"href":"https:\/\/pdm.pb.edu.pl\/2023\/wp-json\/wp\/v2\/pages\/248","targetHints":{"allow":["GET"]}}],"collection":[{"href":"https:\/\/pdm.pb.edu.pl\/2023\/wp-json\/wp\/v2\/pages"}],"about":[{"href":"https:\/\/pdm.pb.edu.pl\/2023\/wp-json\/wp\/v2\/types\/page"}],"author":[{"embeddable":true,"href":"https:\/\/pdm.pb.edu.pl\/2023\/wp-json\/wp\/v2\/users\/2"}],"replies":[{"embeddable":true,"href":"https:\/\/pdm.pb.edu.pl\/2023\/wp-json\/wp\/v2\/comments?post=248"}],"version-history":[{"count":5,"href":"https:\/\/pdm.pb.edu.pl\/2023\/wp-json\/wp\/v2\/pages\/248\/revisions"}],"predecessor-version":[{"id":351,"href":"https:\/\/pdm.pb.edu.pl\/2023\/wp-json\/wp\/v2\/pages\/248\/revisions\/351"}],"up":[{"embeddable":true,"href":"https:\/\/pdm.pb.edu.pl\/2023\/wp-json\/wp\/v2\/pages\/135"}],"wp:attachment":[{"href":"https:\/\/pdm.pb.edu.pl\/2023\/wp-json\/wp\/v2\/media?parent=248"}],"curies":[{"name":"wp","href":"https:\/\/api.w.org\/{rel}","templated":true}]}}