{"id":227,"date":"2023-10-11T01:15:45","date_gmt":"2023-10-10T23:15:45","guid":{"rendered":"https:\/\/pdm.pb.edu.pl\/2023\/?page_id=227"},"modified":"2023-10-11T23:40:54","modified_gmt":"2023-10-11T21:40:54","slug":"joanna-karbowska-chilinska","status":"publish","type":"page","link":"https:\/\/pdm.pb.edu.pl\/2023\/wykladowcy\/joanna-karbowska-chilinska\/","title":{"rendered":"Joanna Karbowska-Chili\u0144ska"},"content":{"rendered":"<p>Wyk\u0142ad: <strong>Do czego s\u0142u\u017c\u0105 grafy?<\/strong><\/p>\n<p><strong>25.10.2023,<br \/>\ngodz. 9:00, klasy 7-8<br \/>\ngodz. 11:00, szko\u0142a \u015brednia<\/strong><\/p>\n<p>Prezentacja b\u0119dzie obejmowa\u0142a r\u00f3\u017cne przyk\u0142ady graf\u00f3w i problem\u00f3w grafowych: najkr\u00f3tszej drogi, drogi Eulera, kolorowania graf\u00f3w.<\/p>\n","protected":false},"excerpt":{"rendered":"<p>Wyk\u0142ad: Do czego s\u0142u\u017c\u0105 grafy? 25.10.2023, godz. 9:00, klasy 7-8 godz. 11:00, szko\u0142a \u015brednia Prezentacja b\u0119dzie obejmowa\u0142a r\u00f3\u017cne przyk\u0142ady graf\u00f3w i problem\u00f3w grafowych: najkr\u00f3tszej drogi, drogi Eulera, kolorowania graf\u00f3w.<\/p>\n","protected":false},"author":2,"featured_media":0,"parent":135,"menu_order":5,"comment_status":"closed","ping_status":"closed","template":"","meta":{"ngg_post_thumbnail":0,"footnotes":""},"class_list":["post-227","page","type-page","status-publish","hentry"],"aioseo_notices":[],"_links":{"self":[{"href":"https:\/\/pdm.pb.edu.pl\/2023\/wp-json\/wp\/v2\/pages\/227","targetHints":{"allow":["GET"]}}],"collection":[{"href":"https:\/\/pdm.pb.edu.pl\/2023\/wp-json\/wp\/v2\/pages"}],"about":[{"href":"https:\/\/pdm.pb.edu.pl\/2023\/wp-json\/wp\/v2\/types\/page"}],"author":[{"embeddable":true,"href":"https:\/\/pdm.pb.edu.pl\/2023\/wp-json\/wp\/v2\/users\/2"}],"replies":[{"embeddable":true,"href":"https:\/\/pdm.pb.edu.pl\/2023\/wp-json\/wp\/v2\/comments?post=227"}],"version-history":[{"count":6,"href":"https:\/\/pdm.pb.edu.pl\/2023\/wp-json\/wp\/v2\/pages\/227\/revisions"}],"predecessor-version":[{"id":240,"href":"https:\/\/pdm.pb.edu.pl\/2023\/wp-json\/wp\/v2\/pages\/227\/revisions\/240"}],"up":[{"embeddable":true,"href":"https:\/\/pdm.pb.edu.pl\/2023\/wp-json\/wp\/v2\/pages\/135"}],"wp:attachment":[{"href":"https:\/\/pdm.pb.edu.pl\/2023\/wp-json\/wp\/v2\/media?parent=227"}],"curies":[{"name":"wp","href":"https:\/\/api.w.org\/{rel}","templated":true}]}}