{"id":17,"date":"2023-09-28T10:48:00","date_gmt":"2023-09-28T08:48:00","guid":{"rendered":"https:\/\/pdm.pb.edu.pl\/2023\/?page_id=17"},"modified":"2025-09-11T17:00:07","modified_gmt":"2025-09-11T15:00:07","slug":"home","status":"publish","type":"page","link":"https:\/\/pdm.pb.edu.pl\/2023\/","title":{"rendered":"Home"},"content":{"rendered":"<p><img loading=\"lazy\" decoding=\"async\" src=\"https:\/\/pdm.pb.edu.pl\/2023\/wp-content\/uploads\/sites\/2\/2023\/10\/plakat-PDM23-new.jpg\" alt=\"PODLASKIE DNI MATEMATYKI, 25 - 27 pa\u017adziernika 2023\" width=\"1200\" height=\"1128\" class=\"alignnone size-full wp-image-101\" \/><br \/>\n&nbsp;<\/p>\n<div class=\"h1 text-center\"><span style=\"font-size: 24pt;\">Organizatorzy<\/span><\/div>\n<p>&nbsp;<\/p>\n<div class=\"organizer-logos\"><a class=\"organizer-logos-item\" href=\"https:\/\/www.ptm.org.pl\/\" target=\"_blank\" rel=\"noopener\"><img decoding=\"async\" class=\"\" src=\"https:\/\/pb.edu.pl\/mp\/wp-content\/uploads\/sites\/108\/2023\/08\/ptm-logo.png\" alt=\"Polskie Towarzystwo Matematyczne logo\"><\/a><br \/>\n<a class=\"organizer-logos-item\" href=\"https:\/\/wi.pb.edu.pl\/\" target=\"_blank\" rel=\"noopener\"><img decoding=\"async\" class=\"\" src=\"https:\/\/pb.edu.pl\/mp\/wp-content\/uploads\/sites\/108\/2023\/08\/logo-WI-PB-wersja-pelna-kolor-czarny-zoom-2.webp\" alt=\"Wydzia\u0142 Informatyki Politechnika Bia\u0142ostocka logo\"><\/a><br \/>\n<a class=\"organizer-logos-item\" href=\"https:\/\/uwb.edu.pl\/\" target=\"_blank\" rel=\"noopener\"><img loading=\"lazy\" decoding=\"async\" class=\"aligncenter size-full wp-image-1878\" src=\"https:\/\/pb.edu.pl\/mp\/wp-content\/uploads\/sites\/108\/2023\/10\/wuwbkolor-2048x2048.jpg\" alt=\"Uniwersytet w Bia\u0142ymstoku logo\" width=\"2387\" height=\"2387\"><\/a><\/div>\n<div class=\"h1 text-center\"><span style=\"font-size: 24pt;\">Wsp\u00f3\u0142praca<\/span><\/div>\n<p>&nbsp;<\/p>\n<div class=\"organizer-logos\"><a class=\"organizer-logos-item\" href=\"https:\/\/www.sodn.suwalki.pl\/\" target=\"_blank\" rel=\"noopener\"><img decoding=\"async\" class=\"aligncenter size-full\" src=\"https:\/\/pdm.pb.edu.pl\/2024\/wp-content\/uploads\/sites\/3\/2023\/10\/SODN-Suwalki-logo-beztla.png\" alt=\"Suwalski O\u015brodek Doskonalenia Nauczycieli w Suwa\u0142kach logo\"><\/a><br \/>\n<a class=\"organizer-logos-item\" href=\"https:\/\/www.kpk.bialystok.pl\/\" target=\"_blank\" rel=\"noopener\"><img decoding=\"async\" class=\"aligncenter size-full\" src=\"https:\/\/pdm.pb.edu.pl\/2024\/wp-content\/uploads\/sites\/3\/2023\/10\/kpk-bialystok.png\" alt=\"Komunalne Przedsi\u0119biorstwo Komunikacyjne Bia\u0142ystok logo\"><\/a><br \/>\n<a class=\"organizer-logos-item\" href=\"http:\/\/www.kpkm.pl\/\" target=\"_blank\" rel=\"noopener\"><img decoding=\"async\" class=\"aligncenter size-full\" src=\"https:\/\/pdm.pb.edu.pl\/2024\/wp-content\/uploads\/sites\/3\/2023\/10\/kpkm.jpg\" alt=\"Komunalne Przedsi\u0119biorstwo Komunikacji Miejskiej logo\"><\/a><br \/>\n<a class=\"organizer-logos-item\" href=\"https:\/\/kzk.pl\/\" target=\"_blank\" rel=\"noopener\"><img decoding=\"async\" class=\"aligncenter size-full\" src=\"https:\/\/pdm.pb.edu.pl\/2024\/wp-content\/uploads\/sites\/3\/2023\/10\/logo-kzk.jpg\" alt=\"Komunalny Zak\u0142ad Komunikacyjny logo\"><\/a><br \/>\n<a class=\"organizer-logos-item\" href=\"https:\/\/polregio.pl\/pl\/\" target=\"_blank\" rel=\"noopener\"><img decoding=\"async\" class=\"aligncenter size-full\" src=\"https:\/\/pdm.pb.edu.pl\/2024\/wp-content\/uploads\/sites\/3\/2023\/10\/polregio.jpg\" alt=\"Polregio logo\"><\/a><\/div>\n<div class=\"h1 text-center\"><span style=\"font-size: 24pt;\">Patroni honorowi<\/span><\/div>\n<p>&nbsp;<\/p>\n<div class=\"organizer-logos\"><a class=\"organizer-logos-item\" href=\"https:\/\/pb.edu.pl\/\" target=\"_blank\" rel=\"noopener\"><img decoding=\"async\" src=\"https:\/\/pb.edu.pl\/mp\/wp-content\/uploads\/sites\/108\/2023\/07\/logo-Patronat-Rektor-PB-kolor-podstawowy-na-bialym_200px.jpg\" alt=\"Rektor Politechniki Bia\u0142ostockiej logo\"><\/a><\/div>\n<div class=\"h1 text-center\"><span style=\"font-size: 24pt;\">Patroni medialni<\/span><\/div>\n<p>&nbsp;<\/p>\n<div class=\"organizer-logos\"><a class=\"organizer-logos-item\" href=\"https:\/\/akadera.bialystok.pl\/\" target=\"_blank\" rel=\"noopener\"><img decoding=\"async\" src=\"https:\/\/pb.edu.pl\/mp\/wp-content\/uploads\/sites\/108\/2023\/08\/logo-akadera.png\" alt=\"Radio Akadera\"><\/a><br \/>\n<a class=\"organizer-logos-item\" href=\"https:\/\/www.facebook.com\/BiamanPlatonTV\/?locale=pl_PL\" target=\"_blank\" rel=\"noopener\"><img decoding=\"async\" src=\"https:\/\/pdm.pb.edu.pl\/2024\/wp-content\/uploads\/sites\/3\/2023\/10\/PLATON_TV_logo_.jpg\" alt=\"Platon TV\"><\/a><br \/>\n<a class=\"organizer-logos-item\" href=\"https:\/\/www.radio.bialystok.pl\/\" target=\"_blank\" rel=\"noopener\"><img decoding=\"async\" src=\"https:\/\/pb.edu.pl\/mp\/wp-content\/uploads\/sites\/108\/2023\/07\/Logo-Radia-Bialystok.png\" alt=\"Polskie Radio Bia\u0142ystok logo\"><\/a><br \/>\n<!--\n<a class=\"organizer-logos-item\" href=\"https:\/\/bialystok.tvp.pl\/\" target=\"_blank\" rel=\"noopener\"><img decoding=\"async\" src=\"https:\/\/pb.edu.pl\/mp\/wp-content\/uploads\/sites\/3\/sites\/108\/2023\/07\/TVP3_Bialystok_podst_200px.jpg\" alt=\"TVP3 Bia\u0142ystok logo\"><\/a>--><\/div>\n<div class=\"row ministerstwo\">\n<div class=\"col-sm-2 text-center\" style=\"margin-top: 80px;\"><img loading=\"lazy\" decoding=\"async\" class=\"alignnone wp-image-1535\" src=\"https:\/\/pb.edu.pl\/science-kultura\/wp-content\/uploads\/sites\/98\/2023\/03\/znaki_strona_www.png\" alt=\"\" width=\"180\" height=\"60\"><\/div>\n<div class=\"col-sm-2 text-center\" style=\"margin-top: 80px;\"><img loading=\"lazy\" decoding=\"async\" class=\"alignleft wp-image-661\" src=\"https:\/\/pdm.pb.edu.pl\/2024\/wp-content\/uploads\/sites\/3\/2025\/01\/01_znak_siatka_podstawowy_kolor_biale_tlo.png\" alt=\"logo Ministerstwa Nauki i&nbsp;Szkolnictwa Wy\u017cszego\" width=\"180\" height=\"56\" ><\/div>\n<div class=\"col-sm-2 text-left\" style=\"margin-top: 60px;\"><img decoding=\"async\" class=\"alignnone wp-image-1534\" src=\"https:\/\/pb.edu.pl\/mp\/wp-content\/uploads\/sites\/3\/sites\/108\/2024\/09\/mein_son_logo_on_white-1.png\" alt=\"\"><\/div>\n<div class=\"col-sm-6 text-center\"><img loading=\"lazy\" decoding=\"async\" class=\"alignnone wp-image-1807\" src=\"https:\/\/pb.edu.pl\/mp\/wp-content\/uploads\/sites\/3\/sites\/108\/2023\/09\/Logo2-scaled.jpg\" alt=\"Atraktor - popularyzacja matematyki\" width=\"400\" height=\"128\"><br \/>\nProjekt \u201eAtraktor &#8211; popularyzacja matematyki\u201d finansowany jest ze \u015brodk\u00f3w Ministerstwa Nauki i&nbsp;Szkolnictwa Wy\u017cszego na podstawie umowy nr POPUL\/SN\/0361\/2023\/01<br \/>\nz dnia 31.07.2023 r. w ramach programu<br \/>\npn. Spo\u0142eczna odpowiedzialno\u015b\u0107 nauki II<br \/>\n&#8211; Popularyzacja nauki.<\/div>\n<\/div>\n<p>&nbsp;<\/p>\n","protected":false},"excerpt":{"rendered":"<p>&nbsp; Organizatorzy &nbsp; Wsp\u00f3\u0142praca &nbsp; Patroni honorowi &nbsp; Patroni medialni &nbsp; Projekt \u201eAtraktor &#8211; popularyzacja matematyki\u201d finansowany jest ze \u015brodk\u00f3w Ministerstwa Nauki i&nbsp;Szkolnictwa Wy\u017cszego na podstawie umowy nr POPUL\/SN\/0361\/2023\/01 z dnia 31.07.2023 r. w ramach programu pn. Spo\u0142eczna odpowiedzialno\u015b\u0107 nauki II &#8211; Popularyzacja nauki. &nbsp;<\/p>\n","protected":false},"author":1,"featured_media":72,"parent":0,"menu_order":0,"comment_status":"closed","ping_status":"closed","template":"","meta":{"ngg_post_thumbnail":0,"footnotes":""},"class_list":["post-17","page","type-page","status-publish","has-post-thumbnail","hentry"],"aioseo_notices":[],"_links":{"self":[{"href":"https:\/\/pdm.pb.edu.pl\/2023\/wp-json\/wp\/v2\/pages\/17","targetHints":{"allow":["GET"]}}],"collection":[{"href":"https:\/\/pdm.pb.edu.pl\/2023\/wp-json\/wp\/v2\/pages"}],"about":[{"href":"https:\/\/pdm.pb.edu.pl\/2023\/wp-json\/wp\/v2\/types\/page"}],"author":[{"embeddable":true,"href":"https:\/\/pdm.pb.edu.pl\/2023\/wp-json\/wp\/v2\/users\/1"}],"replies":[{"embeddable":true,"href":"https:\/\/pdm.pb.edu.pl\/2023\/wp-json\/wp\/v2\/comments?post=17"}],"version-history":[{"count":21,"href":"https:\/\/pdm.pb.edu.pl\/2023\/wp-json\/wp\/v2\/pages\/17\/revisions"}],"predecessor-version":[{"id":425,"href":"https:\/\/pdm.pb.edu.pl\/2023\/wp-json\/wp\/v2\/pages\/17\/revisions\/425"}],"wp:featuredmedia":[{"embeddable":true,"href":"https:\/\/pdm.pb.edu.pl\/2023\/wp-json\/wp\/v2\/media\/72"}],"wp:attachment":[{"href":"https:\/\/pdm.pb.edu.pl\/2023\/wp-json\/wp\/v2\/media?parent=17"}],"curies":[{"name":"wp","href":"https:\/\/api.w.org\/{rel}","templated":true}]}}