{"id":135,"date":"2023-10-05T09:34:28","date_gmt":"2023-10-05T07:34:28","guid":{"rendered":"https:\/\/pdm.pb.edu.pl\/2023\/?page_id=135"},"modified":"2023-10-24T11:49:33","modified_gmt":"2023-10-24T09:49:33","slug":"wykladowcy","status":"publish","type":"page","link":"https:\/\/pdm.pb.edu.pl\/2023\/wykladowcy\/","title":{"rendered":"Wyk\u0142adowcy"},"content":{"rendered":"<p><a href=\"https:\/\/pdm.pb.edu.pl\/2023\/wykladowcy\/zbigniew-bartosiewicz\/\">Zbigniew Bartosiewicz<\/a><\/p>\n<p><a href=\"https:\/\/pdm.pb.edu.pl\/2023\/wykladowcy\/nuno-r-o-bastos\/\">Nuno R. O. Bastos<\/a><\/p>\n<p><a href=\"https:\/\/pdm.pb.edu.pl\/2023\/wykladowcy\/krzysztof-ciesielski\/\">Krzysztof Ciesielski<\/a><\/p>\n<p><a href=\"https:\/\/pdm.pb.edu.pl\/2023\/wykladowcy\/marzena-filipowicz-chomko\/\">Marzena Filipowicz-Chomko<\/a><\/p>\n<p><a href=\"https:\/\/pdm.pb.edu.pl\/2023\/wykladowcy\/joanna-karbowska-chilinska\/\">Joanna Karbowska-Chili\u0144ska<\/a><\/p>\n<p><a href=\"https:\/\/pdm.pb.edu.pl\/2023\/wykladowcy\/dr-ewa-girejko\/\">Ewa Girejko<\/a><\/p>\n<p><a href=\"https:\/\/pdm.pb.edu.pl\/2023\/wykladowcy\/piotr-grzeszczuk\/\">Piotr Grzeszczuk<\/a><\/p>\n<p><a href=\"https:\/\/pdm.pb.edu.pl\/2023\/wykladowcy\/elzbieta-guziejko\/\">El\u017cbieta Guziejko<\/a><\/p>\n<p><a href=\"https:\/\/pdm.pb.edu.pl\/2023\/wykladowcy\/dorota-mozyrska\/\">Dorota Mozyrska<\/a><\/p>\n<p><a href=\"https:\/\/pdm.pb.edu.pl\/2023\/wykladowcy\/antoni-pierzchalski\/\">Antoni Pierzchalski<\/a><\/p>\n<p><a href=\"https:\/\/pdm.pb.edu.pl\/2023\/wykladowcy\/rajmund-stasiewicz\/\">Rajmund Stasiewicz<\/a><\/p>\n<p><a href=\"https:\/\/pdm.pb.edu.pl\/2023\/wykladowcy\/katarzyna-topolewicz\/\">Katarzyna Topolewicz<\/a><\/p>\n<p><a href=\"https:\/\/pdm.pb.edu.pl\/2023\/wykladowcy\/pawel-zabielski\/\">Pawe\u0142 Zabielski<\/a><\/p>\n<p><a href=\"https:\/\/pdm.pb.edu.pl\/2023\/wykladowcy\/magdalena-kacprzak\/\">Magdalena Kacprzak<\/a><\/p>\n<p><a href=\"https:\/\/pdm.pb.edu.pl\/2023\/wykladowcy\/anna-poskrobo\/\">Anna Poskrobo<\/a><\/p>\n<p><a href=\"https:\/\/pdm.pb.edu.pl\/2023\/wykladowcy\/malgorzata-wyrwas\/\">Ma\u0142gorzata Wyrwas<\/a><\/p>\n<p><a href=\"https:\/\/pdm.pb.edu.pl\/2023\/wykladowcy\/anna-borowska\/\">Anna Borowska<\/a><\/p>\n<p><a href=\"https:\/\/pdm.pb.edu.pl\/2023\/wykladowcy\/ewa-roszkowska\/\">Ewa Roszkowska<\/a><\/p>\n<p><a href=\"https:\/\/pdm.pb.edu.pl\/2023\/wykladowcy\/marek-mierzwinski\/\">Marek Mierzwi\u0144ski<\/a><\/p>\n<p>&nbsp;<\/p>\n","protected":false},"excerpt":{"rendered":"<p>Zbigniew Bartosiewicz Nuno R. O. Bastos Krzysztof Ciesielski Marzena Filipowicz-Chomko Joanna Karbowska-Chili\u0144ska Ewa Girejko Piotr Grzeszczuk El\u017cbieta Guziejko Dorota Mozyrska Antoni Pierzchalski Rajmund Stasiewicz Katarzyna Topolewicz Pawe\u0142 Zabielski Magdalena Kacprzak Anna Poskrobo Ma\u0142gorzata Wyrwas Anna Borowska Ewa Roszkowska Marek Mierzwi\u0144ski &nbsp;<\/p>\n","protected":false},"author":2,"featured_media":0,"parent":0,"menu_order":0,"comment_status":"closed","ping_status":"closed","template":"","meta":{"ngg_post_thumbnail":0,"footnotes":""},"class_list":["post-135","page","type-page","status-publish","hentry"],"aioseo_notices":[],"_links":{"self":[{"href":"https:\/\/pdm.pb.edu.pl\/2023\/wp-json\/wp\/v2\/pages\/135","targetHints":{"allow":["GET"]}}],"collection":[{"href":"https:\/\/pdm.pb.edu.pl\/2023\/wp-json\/wp\/v2\/pages"}],"about":[{"href":"https:\/\/pdm.pb.edu.pl\/2023\/wp-json\/wp\/v2\/types\/page"}],"author":[{"embeddable":true,"href":"https:\/\/pdm.pb.edu.pl\/2023\/wp-json\/wp\/v2\/users\/2"}],"replies":[{"embeddable":true,"href":"https:\/\/pdm.pb.edu.pl\/2023\/wp-json\/wp\/v2\/comments?post=135"}],"version-history":[{"count":22,"href":"https:\/\/pdm.pb.edu.pl\/2023\/wp-json\/wp\/v2\/pages\/135\/revisions"}],"predecessor-version":[{"id":407,"href":"https:\/\/pdm.pb.edu.pl\/2023\/wp-json\/wp\/v2\/pages\/135\/revisions\/407"}],"wp:attachment":[{"href":"https:\/\/pdm.pb.edu.pl\/2023\/wp-json\/wp\/v2\/media?parent=135"}],"curies":[{"name":"wp","href":"https:\/\/api.w.org\/{rel}","templated":true}]}}